{"id":6622,"date":"2025-05-08T10:40:37","date_gmt":"2025-05-08T10:40:37","guid":{"rendered":"https:\/\/catalonia.srvcactus.com\/aviso-legal\/"},"modified":"2026-03-24T14:21:08","modified_gmt":"2026-03-24T14:21:08","slug":"aviso-legal","status":"publish","type":"page","link":"https:\/\/www.cataloniaceramica.es\/es\/aviso-legal\/","title":{"rendered":"Aviso legal"},"content":{"rendered":"<p>[et_pb_section fb_built=\u00bb1&#8243; _builder_version=\u00bb4.27.4&#8243; _module_preset=\u00bbdefault\u00bb background_color=\u00bb#FFFFFF\u00bb custom_padding=\u00bb82px||0px||false|false\u00bb global_colors_info=\u00bb{}\u00bb][et_pb_row column_structure=\u00bb3_4,1_4&#8243; admin_label=\u00bbFila\u00bb module_class=\u00bbfila_sangre\u00bb _builder_version=\u00bb4.27.4&#8243; _module_preset=\u00bbdefault\u00bb custom_padding=\u00bb0px||0px||false|false\u00bb global_colors_info=\u00bb{}\u00bb][et_pb_column type=\u00bb3_4&#8243; _builder_version=\u00bb4.27.4&#8243; _module_preset=\u00bbdefault\u00bb global_colors_info=\u00bb{}\u00bb][et_pb_text _builder_version=\u00bb4.27.4&#8243; _module_preset=\u00bbdefault\u00bb width=\u00bb87.8%\u00bb custom_margin=\u00bb|-51px|18px||false|false\u00bb custom_padding=\u00bb||0px||false|false\u00bb global_colors_info=\u00bb{}\u00bb]<\/p>\n<h1>Aviso Legal<\/h1>\n<p>[\/et_pb_text][\/et_pb_column][et_pb_column type=\u00bb1_4&#8243; _builder_version=\u00bb4.27.4&#8243; _module_preset=\u00bbdefault\u00bb global_colors_info=\u00bb{}\u00bb][\/et_pb_column][\/et_pb_row][\/et_pb_section][et_pb_section fb_built=\u00bb1&#8243; _builder_version=\u00bb4.27.4&#8243; _module_preset=\u00bbdefault\u00bb custom_padding=\u00bb44px||124px||false|false\u00bb hover_enabled=\u00bb0&#8243; border_width_top=\u00bb1px\u00bb global_colors_info=\u00bb{}\u00bb sticky_enabled=\u00bb0&#8243;][et_pb_row column_structure=\u00bb3_4,1_4&#8243; make_equal=\u00bbon\u00bb _builder_version=\u00bb4.27.4&#8243; _module_preset=\u00bbdefault\u00bb custom_padding=\u00bb0px||0px||false|false\u00bb global_colors_info=\u00bb{}\u00bb][et_pb_column type=\u00bb3_4&#8243; _builder_version=\u00bb4.27.4&#8243; _module_preset=\u00bbdefault\u00bb custom_padding=\u00bb||||true|false\u00bb global_colors_info=\u00bb{}\u00bb][et_pb_text module_class=\u00bbtitle-separator-animation\u00bb _builder_version=\u00bb4.27.4&#8243; _module_preset=\u00bbdefault\u00bb text_text_color=\u00bb#000000&#8243; background_color=\u00bbRGBA(255,255,255,0)\u00bb width=\u00bb87.8%\u00bb custom_margin=\u00bb-5px||30px||false|false\u00bb custom_padding=\u00bb0px|0px|0px|0px|false|false\u00bb locked=\u00bboff\u00bb global_colors_info=\u00bb{}\u00bb]<\/p>\n<p>El presente Aviso Legal y Condiciones de Uso (en adelante, \u201cel Aviso Legal\u201d) rigen el acceso y la utilizaci\u00f3n del sitio web accesible mediante el nombre de dominio https:\/\/www.cataloniaceramica.es y sus subdominios (en adelante, \u201cel Sitio web\u201d).<\/p>\n<p>El simple acceso al Sitio web atribuye a quien lo realiza la condici\u00f3n de Usuario del Sitio web (en adelante, \u201cel Usuario\u201d) e implica la aceptaci\u00f3n de todos los t\u00e9rminos incluidos en este Aviso Legal. En caso de no estar de acuerdo con este Aviso Legal, el Usuario debe abandonar inmediatamente el Sitio web sin utilizarlo. <\/p>\n<p>Por medio de la aceptaci\u00f3n del presente Aviso Legal, el Usuario manifiesta:<\/p>\n<ul>\n<li>Que ha le\u00eddo, entiende y comprende lo aqu\u00ed expuesto.<\/li>\n<li>Que asume todas las obligaciones aqu\u00ed dispuestas.<\/li>\n<\/ul>\n<p>El Usuario debe leer atentamente el presente Aviso Legal cada vez que acceda al Sitio web, ya que el mismo y este Aviso Legal pueden sufrir modificaciones.<br \/>El titular del Sitio web se reserva la facultad de realizar, en cualquier momento y sin necesidad de preaviso, cualquier modificaci\u00f3n o actualizaci\u00f3n de sus contenidos y servicios, del presente Aviso Legal y, en general, de cuantos elementos integran el dise\u00f1o y configuraci\u00f3n del Sitio web.<\/p>\n<p><strong>1. Informaci\u00f3n general del Sitio web<\/strong><br \/>En cumplimiento de lo establecido por el art\u00edculo 10 de la Ley 34\/2002, de 11 de julio, de servicios de la sociedad de la informaci\u00f3n y de comercio electr\u00f3nico, a continuaci\u00f3n, se ofrece la informaci\u00f3n general del Sitio web:<br \/><strong>Titular<\/strong>: CATALONIA CERAMIC, S.L. (en adelante, \u201cCATALONIA CERAMIC\u201d).<br \/><strong>Domicilio<\/strong>: Carretera de Sant Cugat, km 3, 08290 Cerdanyola del Vall\u00e8s, Barcelona.<br \/><strong>CIF<\/strong>: A-58165499<br \/><strong>E-mail<\/strong>: infopd@a-csn.com<br \/><strong>Tel\u00e9fono:<\/strong> 93 580 2000<br \/><strong>Datos Registrales:<\/strong> Registro Mercantil de [indicar], tomo [indicar], folio [indicar], secci\u00f3n [indicar], hoja [indicar], inscripci\u00f3n [indicar]<\/p>\n<p><strong>2. Condiciones de Uso<\/strong><br \/><strong>2.1. Acceso al Sitio web<\/strong><br \/>El acceso al Sitio web es gratuito excepto en lo relativo al coste de la conexi\u00f3n a trav\u00e9s de la red de telecomunicaciones suministrada por el proveedor de acceso contratado por el Usuario.<\/p>\n<p><strong>2.2. Normas de utilizaci\u00f3n del Sitio web<\/strong><br \/>El Usuario se obliga a utilizar el Sitio web y todo su contenido y servicios conforme a lo establecido en la ley, la moral, el orden p\u00fablico y en el presente Aviso Legal. Asimismo, se obliga a hacer un uso adecuado de los servicios y\/o contenidos del Sitio web y a no emplearlos para realizar actividades il\u00edcitas o constitutivas de delito, que atenten contra los derechos de terceros y\/o que infrinjan la regulaci\u00f3n sobre propiedad intelectual e industrial, o cualesquiera otras normas del ordenamiento jur\u00eddico aplicable.<br \/>El Usuario se obliga a no transmitir, introducir, difundir y poner a disposici\u00f3n de terceros, cualquier tipo de material e informaci\u00f3n (datos, contenidos, mensajes, dibujos, archivos de sonido e imagen, fotograf\u00edas, software, etc.) que sean contrarios a la ley, la moral, el orden p\u00fablico y el presente Aviso Legal. A t\u00edtulo enunciativo, y en ning\u00fan caso limitativo o excluyente, el Usuario se compromete a:  <\/p>\n<p>I.- No introducir o difundir contenidos o propaganda de car\u00e1cter racista, xen\u00f3fobo, pornogr\u00e1fico, de apolog\u00eda del terrorismo o que atenten contra los derechos humanos.<br \/>II.- No introducir o difundir en la red programas de datos (virus y software da\u00f1ino) susceptibles de provocar da\u00f1os en los sistemas inform\u00e1ticos del proveedor de acceso, sus proveedores o terceros Usuarios de la red Internet.<br \/>III.- No difundir, transmitir o poner a disposici\u00f3n de terceros cualquier tipo de informaci\u00f3n, elemento o contenido que atente contra los derechos fundamentales y las libertades p\u00fablicas reconocidos constitucionalmente y en los tratados internacionales.<br \/>IV.- No difundir, transmitir o poner a disposici\u00f3n de terceros cualquier tipo de informaci\u00f3n, elemento o contenido que constituya publicidad il\u00edcita o desleal.<br \/>V.- No transmitir publicidad no solicitada o autorizada, material publicitario, \u201ccorreo basura\u201d, \u201ccartas en cadena\u201d, \u201cestructuras piramidales\u201d, o cualquier otra forma de solicitaci\u00f3n, excepto en aquellas \u00e1reas (como por ejemplo espacios comerciales) que hayan sido exclusivamente concebidas para ello.<br \/>VI.- No introducir o difundir cualquier informaci\u00f3n y contenidos falsos, ambiguos o inexactos de manera que induzca a error a los receptores de la informaci\u00f3n.<br \/>VII.- No difundir, transmitir o poner a disposici\u00f3n de terceros cualquier tipo de informaci\u00f3n, elemento o contenido que suponga una violaci\u00f3n de los derechos de propiedad intelectual e industrial, patentes, marcas o copyright que correspondan a los titulares del Sitio web o a terceros.<br \/>VIII.- No difundir, transmitir o poner a disposici\u00f3n de terceros cualquier tipo de informaci\u00f3n, elemento o contenido que suponga una violaci\u00f3n del secreto de las comunicaciones y la legislaci\u00f3n de datos de car\u00e1cter personal.<\/p>\n<p>El Usuario se obliga a mantener indemne a CATALONIA CERAMIC ante cualquier posible reclamaci\u00f3n, multa, pena o sanci\u00f3n que pueda venir obligada a soportar a consecuencia del incumplimiento por parte del Usuario de cualquiera de las normas de utilizaci\u00f3n antes indicadas, reserv\u00e1ndose, adem\u00e1s, CATALONIA CERAMIC el derecho a solicitar la indemnizaci\u00f3n por da\u00f1os y perjuicios que corresponda.<\/p>\n<p><strong>2.3. Exclusi\u00f3n de Responsabilidad<\/strong><br \/>CATALONIA CERAMIC no asume ninguna responsabilidad sobre la actualizaci\u00f3n de este Sitio web, ni garantiza que la informaci\u00f3n publicada sea precisa ni completa. Por tanto, el Usuario debe confirmar que la informaci\u00f3n publicada sea precisa y completa antes de tomar ninguna decisi\u00f3n relacionada con cualquier servicio o contenido descrito en este Sitio web.<br \/>El acceso del Usuario al Sitio web no implica para CATALONIA CERAMIC la obligaci\u00f3n de controlar la ausencia de virus, gusanos o cualquier otro elemento inform\u00e1tico da\u00f1ino. Corresponde al Usuario, en todo caso, la disponibilidad de herramientas adecuadas para la detecci\u00f3n y desinfecci\u00f3n de programas inform\u00e1ticos da\u00f1inos.<br \/>CATALONIA CERAMIC no se responsabiliza de los da\u00f1os producidos en el software y equipos inform\u00e1ticos de los Usuarios o de terceros durante la utilizaci\u00f3n de los servicios ofrecidos en el Sitio web.<br \/>CATALONIA CERAMIC no se responsabiliza de los da\u00f1os o perjuicios de cualquier tipo producidos en el Usuario que traigan causa de fallos o desconexiones en las redes de telecomunicaciones que produzcan la suspensi\u00f3n, cancelaci\u00f3n o interrupci\u00f3n del servicio del Sitio web durante la prestaci\u00f3n del mismo o con car\u00e1cter previo.  <br \/><strong><\/strong><\/p>\n<p><strong>2.4. Contenidos y servicios enlazados a trav\u00e9s del Sitio web<\/strong><br \/>El servicio de acceso al Sitio web puede incluir dispositivos t\u00e9cnicos de enlace, directorios e incluso instrumentos de b\u00fasqueda que permiten al Usuario acceder a otras p\u00e1ginas y Portales de Internet (en adelante, \u201cSitios Enlazados\u201d). En estos casos, CATALONIA CERAMIC solo ser\u00e1 responsable de los contenidos y servicios suministrados en los Sitios Enlazados en la medida en que tenga conocimiento efectivo de la ilicitud y no haya desactivado el enlace con la diligencia debida. En el caso de que el Usuario considere que existe un Sitio Enlazado con contenidos il\u00edcitos o inadecuados podr\u00e1 comunic\u00e1rselo a CATALONIA CERAMIC, sin que en ning\u00fan caso esta comunicaci\u00f3n comporte la obligaci\u00f3n de retirar el correspondiente enlace.<br \/>En ning\u00fan caso, la existencia de Sitios Enlazados debe presuponer la formalizaci\u00f3n de acuerdos con los responsables o titulares de estos, ni la recomendaci\u00f3n, promoci\u00f3n o identificaci\u00f3n de CATALONIA CERAMIC con las manifestaciones, contenidos o servicios provistos.<br \/>CATALONIA CERAMIC no conoce los contenidos y servicios de los Sitios Enlazados y, por tanto, no se hace responsable por los da\u00f1os producidos por la ilicitud, calidad, desactualizaci\u00f3n, indisponibilidad, error e inutilidad de los contenidos y\/o servicios de los Sitios Enlazados ni por cualquier otro mal que no sea directamente imputable a CATALONIA CERAMIC.  <br \/><strong><\/strong><\/p>\n<p><strong>2.5. Propiedad intelectual e industrial<\/strong><br \/>Todos los contenidos del Sitio web, entendiendo por estos, a t\u00edtulo meramente enunciativo, los textos, fotograf\u00edas, gr\u00e1ficos, im\u00e1genes, iconos, tecnolog\u00eda, software, enlaces y otros contenidos audiovisuales o sonoros, as\u00ed como su dise\u00f1o gr\u00e1fico y c\u00f3digos fuente, son propiedad intelectual de CATALONIA CERAMIC o de terceros, sin que puedan entenderse cedidos al Usuario ninguno de los derechos de explotaci\u00f3n reconocidos por la normativa vigente en materia de propiedad intelectual sobre estos.<br \/>Las marcas, nombres comerciales o signos distintivos son titularidad de CATALONIA CERAMIC o terceros, sin que pueda entenderse que el acceso al Sitio web atribuye alg\u00fan derecho sobre estos.<br \/><strong><\/strong><\/p>\n<p><strong>3. Nulidad e ineficacia de las cl\u00e1usulas<\/strong><br \/>Si cualquier cl\u00e1usula incluida en el presente Aviso Legal fuera declarada total o parcialmente, nula o ineficaz, tal nulidad o ineficacia tan solo afectar\u00e1 a dicha disposici\u00f3n o a la parte de la misma que resulte nula o ineficaz, subsistiendo el presente Aviso Legal en todo lo dem\u00e1s, consider\u00e1ndose tal disposici\u00f3n total o parcialmente por no incluida.<br \/><strong><\/strong><\/p>\n<p><strong>4. Legislaci\u00f3n aplicable y jurisdicci\u00f3n competente<\/strong><br \/>Este Aviso Legal se regir\u00e1 e interpretar\u00e1 conforme a la legislaci\u00f3n espa\u00f1ola. CATALONIA CERAMIC y el Usuario acuerdan someter cualquier controversia que pudiera suscitarse de la prestaci\u00f3n de los servicios objeto de este Aviso Legal, a los Juzgados y Tribunales de la ciudad de Cerdanyola del Vall\u00e8s, Espa\u00f1a, salvo que la ley establezca otra cosa. <\/p>\n<p>[\/et_pb_text][\/et_pb_column][et_pb_column type=\u00bb1_4&#8243; _builder_version=\u00bb4.27.4&#8243; _module_preset=\u00bbdefault\u00bb custom_padding=\u00bb||||true|false\u00bb global_colors_info=\u00bb{}\u00bb][\/et_pb_column][\/et_pb_row][\/et_pb_section]<\/p>\n","protected":false},"excerpt":{"rendered":"<p>Aviso LegalEl presente Aviso Legal y Condiciones de Uso (en adelante, \u201cel Aviso Legal\u201d) rigen el acceso y la utilizaci\u00f3n del sitio web accesible mediante el nombre de dominio https:\/\/www.cataloniaceramica.es y sus subdominios (en adelante, \u201cel Sitio web\u201d). El simple acceso al Sitio web atribuye a quien lo realiza la condici\u00f3n de Usuario del Sitio web (en adelante, \u201cel Usuario\u201d) e implica la aceptaci\u00f3n de todos los t\u00e9rminos incluidos en este Aviso Legal. En caso de no estar de acuerdo con este Aviso Legal, el Usuario debe abandonar inmediatamente el Sitio web sin utilizarlo. Por medio de la aceptaci\u00f3n del presente Aviso Legal, el Usuario manifiesta: Que ha le\u00eddo, entiende y comprende lo aqu\u00ed expuesto. Que asume todas las obligaciones aqu\u00ed dispuestas. El Usuario debe leer atentamente el presente Aviso Legal cada vez que acceda al Sitio web, ya que el mismo y este Aviso Legal pueden sufrir modificaciones.El titular del Sitio web se reserva la facultad de realizar, en cualquier momento y sin necesidad de preaviso, cualquier modificaci\u00f3n o actualizaci\u00f3n de sus contenidos y servicios, del presente Aviso Legal y, en general, de cuantos elementos integran el dise\u00f1o y configuraci\u00f3n del Sitio web. 1. Informaci\u00f3n general del Sitio webEn [&hellip;]<\/p>\n","protected":false},"author":1,"featured_media":0,"parent":0,"menu_order":0,"comment_status":"closed","ping_status":"closed","template":"","meta":{"_acf_changed":false,"_et_pb_use_builder":"on","_et_pb_old_content":"","_et_gb_content_width":"","footnotes":""},"class_list":["post-6622","page","type-page","status-publish","hentry"],"acf":[],"_links":{"self":[{"href":"https:\/\/www.cataloniaceramica.es\/es\/wp-json\/wp\/v2\/pages\/6622","targetHints":{"allow":["GET"]}}],"collection":[{"href":"https:\/\/www.cataloniaceramica.es\/es\/wp-json\/wp\/v2\/pages"}],"about":[{"href":"https:\/\/www.cataloniaceramica.es\/es\/wp-json\/wp\/v2\/types\/page"}],"author":[{"embeddable":true,"href":"https:\/\/www.cataloniaceramica.es\/es\/wp-json\/wp\/v2\/users\/1"}],"replies":[{"embeddable":true,"href":"https:\/\/www.cataloniaceramica.es\/es\/wp-json\/wp\/v2\/comments?post=6622"}],"version-history":[{"count":2,"href":"https:\/\/www.cataloniaceramica.es\/es\/wp-json\/wp\/v2\/pages\/6622\/revisions"}],"predecessor-version":[{"id":6624,"href":"https:\/\/www.cataloniaceramica.es\/es\/wp-json\/wp\/v2\/pages\/6622\/revisions\/6624"}],"wp:attachment":[{"href":"https:\/\/www.cataloniaceramica.es\/es\/wp-json\/wp\/v2\/media?parent=6622"}],"curies":[{"name":"wp","href":"https:\/\/api.w.org\/{rel}","templated":true}]}}