{"id":6255,"date":"2025-10-27T10:41:13","date_gmt":"2025-10-27T10:41:13","guid":{"rendered":"https:\/\/catalonia.srvcactus.com\/piscinas\/"},"modified":"2026-03-24T14:07:48","modified_gmt":"2026-03-24T14:07:48","slug":"piscinas","status":"publish","type":"page","link":"https:\/\/www.cataloniaceramica.es\/es\/piscinas\/","title":{"rendered":"Piscinas"},"content":{"rendered":"<p>[et_pb_section fb_built=\u00bb1&#8243; custom_padding_last_edited=\u00bbon|phone\u00bb _builder_version=\u00bb4.27.4&#8243; _module_preset=\u00bbdefault\u00bb background_color=\u00bb#FFFFFF\u00bb custom_padding=\u00bb3em||1em||false|false\u00bb custom_padding_tablet=\u00bb3em||1em||false|false\u00bb custom_padding_phone=\u00bb2em||1em||false|false\u00bb locked=\u00bboff\u00bb global_colors_info=\u00bb{}\u00bb][et_pb_row admin_label=\u00bbFila\u00bb module_class=\u00bbfila_sangre\u00bb _builder_version=\u00bb4.27.4&#8243; _module_preset=\u00bbdefault\u00bb custom_padding=\u00bb0px||0px||false|false\u00bb animation_style=\u00bbfade\u00bb global_colors_info=\u00bb{}\u00bb][et_pb_column type=\u00bb4_4&#8243; _builder_version=\u00bb4.27.4&#8243; _module_preset=\u00bbdefault\u00bb global_colors_info=\u00bb{}\u00bb][et_pb_text module_class=\u00bbtitle-separator-animation\u00bb _builder_version=\u00bb4.27.5&#8243; _module_preset=\u00bbdefault\u00bb text_text_color=\u00bb#B31C29&#8243; background_color=\u00bbRGBA(255,255,255,0)\u00bb width=\u00bb87.8%\u00bb custom_margin=\u00bb1px||15px||false|false\u00bb custom_padding=\u00bb0px|0px|0px|0px|false|false\u00bb global_colors_info=\u00bb{}\u00bb]<\/p>\n<p>Productos espec\u00edficos para piscinas: la especializaci\u00f3n con garant\u00eda<\/p>\n<p>[\/et_pb_text][et_pb_text _builder_version=\u00bb4.27.4&#8243; _module_preset=\u00bbdefault\u00bb width_last_edited=\u00bboff|desktop\u00bb custom_margin=\u00bb|-51px|0px||false|false\u00bb custom_padding=\u00bb||0px||false|false\u00bb global_colors_info=\u00bb{}\u00bb]<\/p>\n<h1>Piscinas<\/h1>\n<p>[\/et_pb_text][et_pb_text module_class=\u00bbtitle-separator-animation\u00bb _builder_version=\u00bb4.27.5&#8243; _module_preset=\u00bbdefault\u00bb text_text_color=\u00bb#000000&#8243; text_line_height=\u00bb1.4em\u00bb background_color=\u00bbRGBA(255,255,255,0)\u00bb custom_margin=\u00bb5px||30px||false|false\u00bb custom_padding=\u00bb0px|0px|0px|0px|false|false\u00bb locked=\u00bboff\u00bb global_colors_info=\u00bb{}\u00bb]<\/p>\n<div class=\"ewa-rteLine\">Ladrillos, cementos y morteros, placas de yeso, forjados, tuber\u00edas, puertas RF, impermeabilizantes, etc., y cualquier otro material necesario en la obra.<\/div>\n<p>[\/et_pb_text][\/et_pb_column][\/et_pb_row][\/et_pb_section][et_pb_section fb_built=\u00bb1&#8243; admin_label=\u00bbSecci\u00f3n\u00bb _builder_version=\u00bb4.27.4&#8243; _module_preset=\u00bbdefault\u00bb custom_padding=\u00bb3em||86px||false|false\u00bb global_colors_info=\u00bb{}\u00bb][et_pb_row column_structure=\u00bb1_2,1_2&#8243; use_custom_gutter=\u00bbon\u00bb gutter_width=\u00bb2&#8243; make_equal=\u00bbon\u00bb _builder_version=\u00bb4.27.4&#8243; _module_preset=\u00bbdefault\u00bb custom_margin=\u00bb||0px||false|false\u00bb custom_padding=\u00bb||0px||false|false\u00bb global_colors_info=\u00bb{}\u00bb][et_pb_column type=\u00bb1_2&#8243; _builder_version=\u00bb4.27.4&#8243; _module_preset=\u00bbdefault\u00bb background_color=\u00bb#FFFFFF\u00bb global_colors_info=\u00bb{}\u00bb][et_pb_image src=\u00bbhttps:\/\/www.cataloniaceramica.es\/wp-content\/uploads\/2025\/12\/RosaGres-01-scaled.jpg\u00bb alt=\u00bbPiscina Rosa Gres\u00bb title_text=\u00bbRosaGres-01&#8243; url=\u00bbhttps:\/\/rosagres.com\/\u00bb url_new_window=\u00bbon\u00bb _builder_version=\u00bb4.27.4&#8243; _module_preset=\u00bbdefault\u00bb global_colors_info=\u00bb{}\u00bb][\/et_pb_image][et_pb_image src=\u00bbhttps:\/\/www.cataloniaceramica.es\/wp-content\/uploads\/2025\/10\/rosa-gres-logo.jpg\u00bb title_text=\u00bbrosa-gres-logo\u00bb url=\u00bbhttps:\/\/rosagres.com\/\u00bb url_new_window=\u00bbon\u00bb _builder_version=\u00bb4.27.4&#8243; _module_preset=\u00bbdefault\u00bb width=\u00bb20%\u00bb width_tablet=\u00bb20%\u00bb width_phone=\u00bb40%\u00bb width_last_edited=\u00bbon|phone\u00bb custom_margin=\u00bb|||20px|false|false\u00bb global_colors_info=\u00bb{}\u00bb][\/et_pb_image][et_pb_text _builder_version=\u00bb4.27.4&#8243; _module_preset=\u00bbdefault\u00bb header_font_size=\u00bb61px\u00bb header_3_text_color=\u00bb#B31D29&#8243; header_3_font_size=\u00bb23px\u00bb header_3_line_height=\u00bb1.2em\u00bb custom_margin=\u00bb||0px||false|false\u00bb custom_padding=\u00bb|1em||1em|false|true\u00bb global_colors_info=\u00bb{}\u00bb]<\/p>\n<h3><strong>Cer\u00e1mica porcel\u00e1nica para piscinas<\/strong><\/h3>\n<p>[\/et_pb_text][et_pb_text _builder_version=\u00bb4.27.4&#8243; _module_preset=\u00bbdefault\u00bb header_3_line_height=\u00bb1.2em\u00bb custom_margin=\u00bb||||false|false\u00bb custom_padding=\u00bb|1em|1em|1em|false|true\u00bb global_colors_info=\u00bb{}\u00bb]<\/p>\n<p data-ccp-timestamp=\"1761648300888\"><span>Soluciones premium para revestimientos de piscinas, con la calidad y dise\u00f1o de Rosa Gres, una marca de referencia. Aportan durabilidad, est\u00e9tica y f\u00e1cil mantenimiento, ideales para piscinas interiores y exteriores. <\/span><\/p>\n<p>[\/et_pb_text][et_pb_button button_url=\u00bbhttps:\/\/rosagres.com\/\u00bb url_new_window=\u00bbon\u00bb button_text=\u00bbDescubra m\u00e1s\u00bb button_text_tablet=\u00bbDescubra m\u00e1s\u00bb button_text_phone=\u00bbDescubra m\u00e1s\u00bb button_text_last_edited=\u00bbon|desktop\u00bb _builder_version=\u00bb4.27.4&#8243; _module_preset=\u00bbdefault\u00bb custom_margin=\u00bb||20px|20px|false|false\u00bb button_text_size_tablet=\u00bb\u00bb button_text_size_phone=\u00bb18px\u00bb button_text_size_last_edited=\u00bbon|phone\u00bb global_colors_info=\u00bb{}\u00bb][\/et_pb_button][\/et_pb_column][et_pb_column type=\u00bb1_2&#8243; _builder_version=\u00bb4.27.4&#8243; _module_preset=\u00bbdefault\u00bb background_color=\u00bb#FFFFFF\u00bb global_colors_info=\u00bb{}\u00bb][et_pb_image src=\u00bbhttps:\/\/www.cataloniaceramica.es\/wp-content\/uploads\/2025\/10\/Piscina_paviments_2.jpg\u00bb title_text=\u00bbPiscina_pavimentos_2&#8243; url=\u00bbhttps:\/\/fixcer.com\/\u00bb url_new_window=\u00bbon\u00bb _builder_version=\u00bb4.27.4&#8243; _module_preset=\u00bbdefault\u00bb global_colors_info=\u00bb{}\u00bb][\/et_pb_image][et_pb_image src=\u00bbhttps:\/\/www.cataloniaceramica.es\/wp-content\/uploads\/2025\/10\/fixcer-logo.jpg\u00bb title_text=\u00bbfixcer logo\u00bb url=\u00bbhttps:\/\/fixcer.com\/\u00bb url_new_window=\u00bbon\u00bb _builder_version=\u00bb4.27.4&#8243; _module_preset=\u00bbdefault\u00bb width=\u00bb20%\u00bb width_tablet=\u00bb20%\u00bb width_phone=\u00bb40%\u00bb width_last_edited=\u00bbon|phone\u00bb custom_margin=\u00bb|||20px|false|false\u00bb global_colors_info=\u00bb{}\u00bb][\/et_pb_image][et_pb_text _builder_version=\u00bb4.27.5&#8243; _module_preset=\u00bbdefault\u00bb header_3_text_color=\u00bb#B31D29&#8243; header_3_font_size=\u00bb23px\u00bb header_3_line_height=\u00bb1.2em\u00bb custom_margin=\u00bb||0px||false|false\u00bb custom_padding=\u00bb|1em||1em|false|true\u00bb global_colors_info=\u00bb{}\u00bb]<\/p>\n<h3><strong>Adhesivos, productos qu\u00edmicos e impermeabilizantes<\/strong><\/h3>\n<p>[\/et_pb_text][et_pb_text _builder_version=\u00bb4.27.5&#8243; _module_preset=\u00bbdefault\u00bb header_3_line_height=\u00bb1.2em\u00bb custom_margin=\u00bb||||false|false\u00bb custom_padding=\u00bb|1em|1em|1em|false|true\u00bb global_colors_info=\u00bb{}\u00bb]<\/p>\n<div class=\"ewa-rteLine\">Juntas hidroexpansivas, recrecidos, puentes de uni\u00f3n, morteros y\/o l\u00e1minas impermeables, cementos cola de alta adherencia, rejuntados anti\u00e1cidos y 100% estancos y juntas de dilataci\u00f3n. Todo exclusivo para la piscina. <\/div>\n<p>[\/et_pb_text][et_pb_button button_url=\u00bbhttps:\/\/fixcer.com\/\u00bb url_new_window=\u00bbon\u00bb button_text=\u00bbDescubra m\u00e1s\u00bb _builder_version=\u00bb4.27.4&#8243; _module_preset=\u00bbdefault\u00bb custom_margin=\u00bb||20px|20px|false|false\u00bb button_text_size_tablet=\u00bb\u00bb button_text_size_phone=\u00bb18px\u00bb button_text_size_last_edited=\u00bbon|phone\u00bb global_colors_info=\u00bb{}\u00bb][\/et_pb_button][\/et_pb_column][\/et_pb_row][\/et_pb_section][et_pb_section fb_built=\u00bb1&#8243; custom_padding_last_edited=\u00bbon|phone\u00bb admin_label=\u00bbSecci\u00f3n\u00bb _builder_version=\u00bb4.27.4&#8243; _module_preset=\u00bbdefault\u00bb custom_padding=\u00bb3em||0em||false|false\u00bb custom_padding_tablet=\u00bb3em||0em||false|false\u00bb custom_padding_phone=\u00bb1em||0em||false|false\u00bb locked=\u00bboff\u00bb global_colors_info=\u00bb{}\u00bb][et_pb_row make_equal=\u00bbon\u00bb _builder_version=\u00bb4.27.4&#8243; _module_preset=\u00bbdefault\u00bb global_colors_info=\u00bb{}\u00bb][et_pb_column type=\u00bb4_4&#8243; _builder_version=\u00bb4.27.4&#8243; _module_preset=\u00bbdefault\u00bb global_colors_info=\u00bb{}\u00bb][et_pb_blurb title=\u00bbAPLICACIONES DE PISCINAS\u00bb image=\u00bbhttps:\/\/www.cataloniaceramica.es\/wp-content\/uploads\/2025\/03\/icon.svg\u00bb icon_placement=\u00bbleft\u00bb image_icon_width=\u00bb45px\u00bb content_max_width=\u00bb100%\u00bb image_icon_width_tablet=\u00bb45px\u00bb image_icon_width_phone=\u00bb34px\u00bb image_icon_width_last_edited=\u00bbon|phone\u00bb content_max_width_tablet=\u00bb100%\u00bb content_max_width_phone=\u00bb1100%\u00bb content_max_width_last_edited=\u00bbon|phone\u00bb disabled_on=\u00bboff|off|off\u00bb _builder_version=\u00bb4.27.5&#8243; _module_preset=\u00bbdefault\u00bb header_level=\u00bbh2&#8243; header_font=\u00bb|||on|||||\u00bb header_font_size=\u00bb60px\u00bb image_icon_custom_margin=\u00bb5px||||false|false\u00bb custom_margin=\u00bb|4em|10px||false|false\u00bb animation_style=\u00bbfade\u00bb animation=\u00bboff\u00bb header_font_size_tablet=\u00bb60px\u00bb header_font_size_phone=\u00bb38px\u00bb header_font_size_last_edited=\u00bbon|phone\u00bb global_colors_info=\u00bb{}\u00bb][\/et_pb_blurb][et_pb_text module_class=\u00bbtitle-separator-animation\u00bb _builder_version=\u00bb4.27.4&#8243; _module_preset=\u00bbdefault\u00bb text_text_color=\u00bb#000000&#8243; text_line_height=\u00bb1.4em\u00bb background_color=\u00bbRGBA(255,255,255,0)\u00bb width=\u00bb100%\u00bb custom_margin=\u00bb5px||||false|false\u00bb custom_padding=\u00bb0px|0px|0px|0px|false|false\u00bb locked=\u00bboff\u00bb global_colors_info=\u00bb{}\u00bb width__hover_enabled=\u00bboff|desktop\u00bb]<\/p>\n<div class=\"ewa-rteLine\">\n<p>Encontrar\u00e1 materiales espec\u00edficos para todo tipo de piscinas y proyectos, adaptados a cada espacio y necesidad.<u><\/u><u><\/u><\/p>\n<\/div>\n<p>[\/et_pb_text][\/et_pb_column][\/et_pb_row][\/et_pb_section][et_pb_section fb_built=\u00bb1&#8243; _builder_version=\u00bb4.27.4&#8243; _module_preset=\u00bbdefault\u00bb custom_padding=\u00bb0em||0px||false|false\u00bb locked=\u00bboff\u00bb global_colors_info=\u00bb{}\u00bb][et_pb_row module_class=\u00bbfila_sangre\u00bb _builder_version=\u00bb4.27.4&#8243; _module_preset=\u00bbdefault\u00bb global_colors_info=\u00bb{}\u00bb][et_pb_column type=\u00bb4_4&#8243; module_class=\u00bbsangre_derecha\u00bb _builder_version=\u00bb4.27.4&#8243; _module_preset=\u00bbdefault\u00bb global_colors_info=\u00bb{}\u00bb][dsm_card_carousel slide_to_show=\u00bb4&#8243; speed=\u00bb1238&#8243; autoplay=\u00bboff\u00bb space_between=\u00bb20&#8243; infinite=\u00bboff\u00bb arrows=\u00bboff\u00bb dots=\u00bboff\u00bb stretch_image=\u00bboff\u00bb slide_to_show_tablet=\u00bb2&#8243; slide_to_show_phone=\u00bb1&#8243; slide_to_show_last_edited=\u00bbon|phone\u00bb image_width_tablet=\u00bb\u00bb image_width_phone=\u00bb\u00bb image_width_last_edited=\u00bbon|phone\u00bb _builder_version=\u00bb4.27.6&#8243; _module_preset=\u00bbdefault\u00bb button_text_size=\u00bb15px\u00bb custom_padding_tablet=\u00bb\u00bb custom_padding_phone=\u00bb|50px||0px|false|false\u00bb custom_padding_last_edited=\u00bbon|phone\u00bb hover_enabled=\u00bb0&#8243; body_font_size_tablet=\u00bb\u00bb body_font_size_phone=\u00bb16px\u00bb body_font_size_last_edited=\u00bbon|phone\u00bb locked=\u00bboff\u00bb global_colors_info=\u00bb{}\u00bb button_text_color__hover=\u00bb#B31C29&#8243; button_bg_color__hover_enabled=\u00bboff|hover\u00bb sticky_enabled=\u00bb0&#8243;][dsm_card_carousel_child title=\u00bbPrivada\u00bb image=\u00bbhttps:\/\/www.cataloniaceramica.es\/wp-content\/uploads\/2025\/12\/RG-Fotos-Catalonia-3.jpg\u00bb image_background_height=\u00bb320px\u00bb content_padding=\u00bb36px|20%|36px|0px|false|false\u00bb button_url_new_window=\u00bb1&#8243; image_background_height_tablet=\u00bb520px\u00bb image_background_height_phone=\u00bb300px\u00bb image_background_height_last_edited=\u00bbon|phone\u00bb _builder_version=\u00bb4.27.5&#8243; _module_preset=\u00bbdefault\u00bb header_level=\u00bbh3&#8243; header_font=\u00bb|||on|||||\u00bb header_font_size=\u00bb24px\u00bb body_line_height=\u00bb1.4em\u00bb button_text_size=\u00bb15px\u00bb button_bg_color=\u00bbrgba(10,10,10,0.05)\u00bb button_border_width=\u00bb0px\u00bb button_use_icon=\u00bboff\u00bb button_alignment=\u00bbleft\u00bb global_colors_info=\u00bb{}\u00bb button_bg_enable_color__hover=\u00bbon\u00bb button_bg_color__hover_enabled=\u00bboff|desktop\u00bb button_text_color__hover=\u00bb#B31C29&#8243; parent_button=\u00bbon\u00bb parent_button_icon=\u00bb5&#8243; parent_header_level=\u00bbh4&#8243; parent_stretch_image=\u00bboff\u00bb][\/dsm_card_carousel_child][dsm_card_carousel_child title=\u00bbHoteles\u00bb image=\u00bbhttps:\/\/www.cataloniaceramica.es\/wp-content\/uploads\/2025\/12\/RG-10.jpg\u00bb image_background_height=\u00bb320px\u00bb content_padding=\u00bb36px|20%|36px|0px|false|false\u00bb button_url_new_window=\u00bb1&#8243; image_background_height_tablet=\u00bb520px\u00bb image_background_height_phone=\u00bb300px\u00bb image_background_height_last_edited=\u00bbon|phone\u00bb _builder_version=\u00bb4.27.5&#8243; _module_preset=\u00bbdefault\u00bb header_level=\u00bbh3&#8243; header_font=\u00bb|||on|||||\u00bb header_font_size=\u00bb24px\u00bb body_line_height=\u00bb1.4em\u00bb button_text_size=\u00bb15px\u00bb button_bg_color=\u00bbrgba(10,10,10,0.05)\u00bb button_border_width=\u00bb0px\u00bb button_use_icon=\u00bboff\u00bb button_alignment=\u00bbleft\u00bb global_colors_info=\u00bb{}\u00bb button_bg_enable_color__hover=\u00bbon\u00bb button_bg_color__hover_enabled=\u00bboff|desktop\u00bb button_text_color__hover=\u00bb#B31C29&#8243; parent_button=\u00bbon\u00bb parent_button_icon=\u00bb5&#8243; parent_header_level=\u00bbh4&#8243; parent_stretch_image=\u00bboff\u00bb][\/dsm_card_carousel_child][dsm_card_carousel_child title=\u00bbEspacios Wellness\u00bb image=\u00bbhttps:\/\/www.cataloniaceramica.es\/wp-content\/uploads\/2025\/12\/RG-9-scaled.jpg\u00bb image_background_height=\u00bb320px\u00bb content_padding=\u00bb36px|20%|36px|0px|false|false\u00bb button_url_new_window=\u00bb1&#8243; image_background_height_tablet=\u00bb520px\u00bb image_background_height_phone=\u00bb300px\u00bb image_background_height_last_edited=\u00bbon|phone\u00bb _builder_version=\u00bb4.27.5&#8243; _module_preset=\u00bbdefault\u00bb header_level=\u00bbh3&#8243; header_font=\u00bb|||on|||||\u00bb header_font_size=\u00bb24px\u00bb body_line_height=\u00bb1.4em\u00bb button_text_size=\u00bb15px\u00bb button_bg_color=\u00bbrgba(10,10,10,0.05)\u00bb button_border_width=\u00bb0px\u00bb button_use_icon=\u00bboff\u00bb button_alignment=\u00bbleft\u00bb global_colors_info=\u00bb{}\u00bb button_bg_enable_color__hover=\u00bbon\u00bb button_bg_color__hover_enabled=\u00bboff|desktop\u00bb button_text_color__hover=\u00bb#B31C29&#8243; parent_button=\u00bbon\u00bb parent_button_icon=\u00bb5&#8243; parent_header_level=\u00bbh4&#8243; parent_stretch_image=\u00bboff\u00bb][\/dsm_card_carousel_child][dsm_card_carousel_child title=\u00bbCentros deportivos\u00bb image=\u00bbhttps:\/\/www.cataloniaceramica.es\/wp-content\/uploads\/2025\/12\/RG-Fotos-Catalonia-4.jpg\u00bb image_background_height=\u00bb320px\u00bb content_padding=\u00bb36px|20%|36px|0px|false|false\u00bb button_url_new_window=\u00bb1&#8243; image_background_height_tablet=\u00bb520px\u00bb image_background_height_phone=\u00bb300px\u00bb image_background_height_last_edited=\u00bbon|phone\u00bb _builder_version=\u00bb4.27.5&#8243; _module_preset=\u00bbdefault\u00bb header_level=\u00bbh3&#8243; header_font=\u00bb|||on|||||\u00bb header_font_size=\u00bb24px\u00bb body_line_height=\u00bb1.4em\u00bb button_text_size=\u00bb15px\u00bb button_bg_color=\u00bbrgba(10,10,10,0.05)\u00bb button_border_width=\u00bb0px\u00bb button_use_icon=\u00bboff\u00bb button_alignment=\u00bbleft\u00bb global_colors_info=\u00bb{}\u00bb button_bg_enable_color__hover=\u00bbon\u00bb button_bg_color__hover_enabled=\u00bboff|desktop\u00bb button_text_color__hover=\u00bb#B31C29&#8243; parent_button=\u00bbon\u00bb parent_button_icon=\u00bb5&#8243; parent_header_level=\u00bbh4&#8243; parent_stretch_image=\u00bboff\u00bb][\/dsm_card_carousel_child][\/dsm_card_carousel][\/et_pb_column][\/et_pb_row][\/et_pb_section]<\/p>\n","protected":false},"excerpt":{"rendered":"<p>Productos espec\u00edficos para piscinas: la especializaci\u00f3n con garant\u00edaPiscinasLadrillos, cementos y morteros, placas de yeso, forjados, tuber\u00edas, puertas RF, impermeabilizantes, etc., y cualquier otro material necesario en la obra.Cer\u00e1mica porcel\u00e1nica para piscinasSoluciones premium para revestimientos de piscinas, con la calidad y dise\u00f1o de Rosa Gres, una marca de referencia. Aportan durabilidad, est\u00e9tica y f\u00e1cil mantenimiento, ideales para piscinas interiores y exteriores. Adhesivos, productos qu\u00edmicos e impermeabilizantesJuntas hidroexpansivas, recrecidos, puentes de uni\u00f3n, morteros y\/o l\u00e1minas impermeables, cementos cola de alta adherencia, rejuntados anti\u00e1cidos y 100% estancos y juntas de dilataci\u00f3n. Todo exclusivo para la piscina. Encontrar\u00e1 materiales espec\u00edficos para todo tipo de piscinas y proyectos, adaptados a cada espacio y necesidad. <div class=\"et_pb_module dsm_card_carousel dsm_card_carousel_0 dsm_card_carousel_layout_stacked  dsm_card_carousel_arrow_outside dsm_card_carousel_arrow_mobile_inside\">\n\t\t\t\t\n\t\t\t\t\n\t\t\t\t\n\t\t\t\t\n\t\t\t\t\n\t\t\t\t\n\t\t\t\t<div class=\"et_pb_module_inner\">\n\t\t\t\t\t\n\t\t\t\n\t\t\t<div class=\"swiper-container dsm_card_carousel_wrapper\" dir=\"ltr\" data-params=\"[{&quot;direction&quot;:&quot;horizontal&quot;,&quot;effect&quot;:&quot;default&quot;,&quot;slider_effect_shadows&quot;:false,&quot;slider_effect_coverflow_rotate&quot;:&quot;30&quot;,&quot;slider_effect_coverflow_depth&quot;:&quot;0&quot;,&quot;loop&quot;:false,&quot;infinite_smooth_scrolling&quot;:false,&quot;slide_to_show&quot;:&quot;4&quot;,&quot;slide_to_show_tablet&quot;:&quot;2&quot;,&quot;slide_to_show_phone&quot;:&quot;1&quot;,&quot;slide_to_scroll&quot;:&quot;1&quot;,&quot;slide_to_scroll_tablet&quot;:&quot;1&quot;,&quot;slide_to_scroll_phone&quot;:&quot;1&quot;,&quot;space_between&quot;:&quot;20&quot;,&quot;space_between_tablet&quot;:&quot;20&quot;,&quot;space_between_phone&quot;:&quot;20&quot;,&quot;centered_slides&quot;:false,&quot;multiple_slide_row&quot;:&quot;off&quot;,&quot;slide_row&quot;:&quot;1&quot;,&quot;slide_row_tablet&quot;:&quot;1&quot;,&quot;slide_row_phone&quot;:&quot;1&quot;,&quot;speed&quot;:&quot;1238&quot;,&quot;autoplay&quot;:false,&quot;autoplay_speed&quot;:&quot;3000&quot;,&quot;autoplay_viewport&quot;:&quot;&quot;,&quot;touch_move&quot;:true,&quot;grab&quot;:true,&quot;pause_on_hover&quot;:false,&quot;mousewheel&quot;:false,&quot;auto_height&quot;:true,&quot;equal_height&quot;:true,&quot;equal_height_tablet&quot;:true,&quot;equal_height_phone&quot;:true}]\">\n\t\t\t<div class=\"swiper-wrapper\"><\/div>\n\t\t\t<\/div><div class=\"swiper-button-prev dsm_card_carousel_arrow\" data-icon=\"4\"><\/div><div class=\"swiper-button-next dsm_card_carousel_arrow\" data-icon=\"5\"><\/div><div class=\"swiper-pagination dsm_card_carousel_pagination\"><\/div>\n\t\t\t\t<\/div>\n\t\t\t<\/div><div class=\"dsm_card_carousel_child dsm_card_carousel_child_0 swiper-slide\">\n\t\t\t\t\n\t\t\t\t\n\t\t\t\t\n\t\t\t\t\n\t\t\t\t\n\t\t\t\t\n\t\t\t\t<div class=\"et_pb_module_inner\">\n\t\t\t\t\t\n\t\t\t\n\t\t\t<figure class=\"dsm_card_carousel_child_image_wrapper dsm_card_carousel_child_badge_top_right\"><div class=\"dsm_card_carousel_child_image_background dsm_card_carousel_child_img\"><\/div><\/figure>\n\t\t\t<div class=\"dsm_card_wrapper et_pb_text_align_left et_pb_bg_layout_light\">\n\t\t\t\t\t<h3 class=\"dsm_card_title et_pb_module_header\">Privada<\/h3>\n\t\t\t\t\t\n\t\t\t\t\t\n\t\t\t\t\t\n\t\t\t\t<\/div>\n\t\t\t\t<\/div>\n\t\t\t<\/div><div class=\"dsm_card_carousel_child dsm_card_carousel_child_1 swiper-slide\">\n\t\t\t\t\n\t\t\t\t\n\t\t\t\t\n\t\t\t\t\n\t\t\t\t\n\t\t\t\t\n\t\t\t\t<div class=\"et_pb_module_inner\">\n\t\t\t\t\t\n\t\t\t\n\t\t\t<figure class=\"dsm_card_carousel_child_image_wrapper dsm_card_carousel_child_badge_top_right\"><div class=\"dsm_card_carousel_child_image_background dsm_card_carousel_child_img\"><\/div><\/figure>\n\t\t\t<div class=\"dsm_card_wrapper et_pb_text_align_left et_pb_bg_layout_light\">\n\t\t\t\t\t<h3 class=\"dsm_card_title et_pb_module_header\">Hoteles<\/h3>\n\t\t\t\t\t\n\t\t\t\t\t\n\t\t\t\t\t\n\t\t\t\t<\/div>\n\t\t\t\t<\/div>\n\t\t\t<\/div><div class=\"dsm_card_carousel_child dsm_card_carousel_child_2 swiper-slide\">\n\t\t\t\t\n\t\t\t\t\n\t\t\t\t\n\t\t\t\t\n\t\t\t\t\n\t\t\t\t\n\t\t\t\t<div class=\"et_pb_module_inner\">\n\t\t\t\t\t\n\t\t\t\n\t\t\t<figure class=\"dsm_card_carousel_child_image_wrapper dsm_card_carousel_child_badge_top_right\"><div class=\"dsm_card_carousel_child_image_background dsm_card_carousel_child_img\"><\/div><\/figure>\n\t\t\t<div class=\"dsm_card_wrapper et_pb_text_align_left et_pb_bg_layout_light\">\n\t\t\t\t\t<h4 class=\"dsm_card_title et_pb_module_header\">\u00bbEspacios<\/h4>\n\t\t\t\t\t\n\t\t\t\t\t\n\t\t\t\t\t\n\t\t\t\t<\/div>\n\t\t\t\t<\/div>\n\t\t\t<\/div><\/p>\n","protected":false},"author":1,"featured_media":0,"parent":0,"menu_order":0,"comment_status":"closed","ping_status":"closed","template":"","meta":{"_acf_changed":false,"_et_pb_use_builder":"on","_et_pb_old_content":"","_et_gb_content_width":"","footnotes":""},"class_list":["post-6255","page","type-page","status-publish","hentry"],"acf":[],"_links":{"self":[{"href":"https:\/\/www.cataloniaceramica.es\/es\/wp-json\/wp\/v2\/pages\/6255","targetHints":{"allow":["GET"]}}],"collection":[{"href":"https:\/\/www.cataloniaceramica.es\/es\/wp-json\/wp\/v2\/pages"}],"about":[{"href":"https:\/\/www.cataloniaceramica.es\/es\/wp-json\/wp\/v2\/types\/page"}],"author":[{"embeddable":true,"href":"https:\/\/www.cataloniaceramica.es\/es\/wp-json\/wp\/v2\/users\/1"}],"replies":[{"embeddable":true,"href":"https:\/\/www.cataloniaceramica.es\/es\/wp-json\/wp\/v2\/comments?post=6255"}],"version-history":[{"count":4,"href":"https:\/\/www.cataloniaceramica.es\/es\/wp-json\/wp\/v2\/pages\/6255\/revisions"}],"predecessor-version":[{"id":6300,"href":"https:\/\/www.cataloniaceramica.es\/es\/wp-json\/wp\/v2\/pages\/6255\/revisions\/6300"}],"wp:attachment":[{"href":"https:\/\/www.cataloniaceramica.es\/es\/wp-json\/wp\/v2\/media?parent=6255"}],"curies":[{"name":"wp","href":"https:\/\/api.w.org\/{rel}","templated":true}]}}