{"id":5959,"date":"2025-05-08T10:41:40","date_gmt":"2025-05-08T10:41:40","guid":{"rendered":"https:\/\/catalonia.srvcactus.com\/politica-de-cookies\/"},"modified":"2026-03-24T14:03:47","modified_gmt":"2026-03-24T14:03:47","slug":"politica-de-cookies","status":"publish","type":"page","link":"https:\/\/www.cataloniaceramica.es\/es\/politica-de-cookies\/","title":{"rendered":"Pol\u00edtica de cookies"},"content":{"rendered":"<p>[et_pb_section fb_built=\u00bb1&#8243; _builder_version=\u00bb4.27.4&#8243; _module_preset=\u00bbdefault\u00bb background_color=\u00bb#FFFFFF\u00bb custom_padding=\u00bb82px||0px||false|false\u00bb global_colors_info=\u00bb{}\u00bb][et_pb_row column_structure=\u00bb3_4,1_4&#8243; admin_label=\u00bbFila\u00bb module_class=\u00bbfila_sangre\u00bb _builder_version=\u00bb4.27.4&#8243; _module_preset=\u00bbdefault\u00bb custom_padding=\u00bb0px||0px||false|false\u00bb global_colors_info=\u00bb{}\u00bb][et_pb_column type=\u00bb3_4&#8243; _builder_version=\u00bb4.27.4&#8243; _module_preset=\u00bbdefault\u00bb global_colors_info=\u00bb{}\u00bb][et_pb_text _builder_version=\u00bb4.27.4&#8243; _module_preset=\u00bbdefault\u00bb header_line_height=\u00bb1.4em\u00bb width=\u00bb87.8%\u00bb custom_margin=\u00bb|-51px|18px||false|false\u00bb custom_padding=\u00bb||0px||false|false\u00bb global_colors_info=\u00bb{}\u00bb]<\/p>\n<h1>Pol\u00edtica de cookies<\/h1>\n<p>[\/et_pb_text][\/et_pb_column][et_pb_column type=\u00bb1_4&#8243; _builder_version=\u00bb4.27.4&#8243; _module_preset=\u00bbdefault\u00bb global_colors_info=\u00bb{}\u00bb][\/et_pb_column][\/et_pb_row][\/et_pb_section][et_pb_section fb_built=\u00bb1&#8243; _builder_version=\u00bb4.27.4&#8243; _module_preset=\u00bbdefault\u00bb custom_padding=\u00bb44px||124px||false|false\u00bb hover_enabled=\u00bb0&#8243; border_width_top=\u00bb1px\u00bb global_colors_info=\u00bb{}\u00bb sticky_enabled=\u00bb0&#8243;][et_pb_row column_structure=\u00bb3_4,1_4&#8243; make_equal=\u00bbon\u00bb _builder_version=\u00bb4.27.4&#8243; _module_preset=\u00bbdefault\u00bb custom_padding=\u00bb0px||0px||false|false\u00bb global_colors_info=\u00bb{}\u00bb][et_pb_column type=\u00bb3_4&#8243; _builder_version=\u00bb4.27.4&#8243; _module_preset=\u00bbdefault\u00bb custom_padding=\u00bb||||true|false\u00bb global_colors_info=\u00bb{}\u00bb][et_pb_text module_class=\u00bbtitle-separator-animation\u00bb _builder_version=\u00bb4.27.4&#8243; _module_preset=\u00bbdefault\u00bb text_text_color=\u00bb#000000&#8243; background_color=\u00bbRGBA(255,255,255,0)\u00bb width=\u00bb87.8%\u00bb custom_margin=\u00bb-5px||30px||false|false\u00bb custom_padding=\u00bb0px|0px|0px|0px|false|false\u00bb locked=\u00bboff\u00bb global_colors_info=\u00bb{}\u00bb]<strong>Primera capa:<\/strong><br \/>\nUtilizamos cookies propias y de terceros para mejorar nuestros servicios y analizar sus h\u00e1bitos de navegaci\u00f3n. Si contin\u00faa navegando, consideramos que acepta su uso. Puede cambiar la configuraci\u00f3n u obtener m\u00e1s informaci\u00f3n aqu\u00ed.  <\/p>\n<p><strong>Segunda capa:<\/strong><br \/>\nA fin de dar cumplimiento a lo dispuesto en el art\u00edculo 22 de la Ley 34\/2002, de 11 de julio, de servicios de la sociedad de la informaci\u00f3n y de comercio electr\u00f3nico, CATALONIA CERAMIC, S.L. (en adelante referido por su nombre comercial, \u201cCATALONIA CERAMIC\u201d) le informa de que nuestro Sitio web https:\/\/www.cataloniaceramica.es utiliza cookies.<\/p>\n<p>La presente Pol\u00edtica tiene por finalidad informar al Usuario, de manera clara y completa, sobre el funcionamiento y finalidad de las cookies que se utilizan en nuestro Sitio web.<br \/>\nAl hacer clic en cualquier bot\u00f3n, casilla de verificaci\u00f3n o enlace contenido en el Sitio web, rellenar un formulario o hacer login, descargar cualquier contenido o hacer scroll, el Usuario manifiesta su aceptaci\u00f3n al uso de cookies que hace el Sitio web y la instalaci\u00f3n de las mismas en el ordenador utilizado por este para acceder y navegar a trav\u00e9s del mismo (incluyendo los dispositivos m\u00f3viles y los navegadores); as\u00ed como la recogida y el tratamiento de las datos de car\u00e1cter personal del Usuario de la manera y finalidades descritas en esta Pol\u00edtica de cookies.<\/p>\n<p>La presente Pol\u00edtica de Cookies puede estar sujeta a cambios. En consecuencia, recomendamos al Usuario revisar esta pol\u00edtica cada vez que acceda a nuestro Sitio web para estar informado sobre eventuales cambios en la misma, que le ser\u00edan aplicables. En caso de no estar de acuerdo con esta Pol\u00edtica de Cookies, el Usuario debe abstenerse de usar el Sitio web y abandonar el mismo de manera inmediata.  <\/p>\n<p><strong>\u00bfQu\u00e9 es una cookie?<\/strong><br \/>\nUna cookie es un archivo que se descarga en el terminal (por ejemplo, un ordenador, un tel\u00e9fono m\u00f3vil, una tableta, etc.) del Usuario cuando este accede a determinadas p\u00e1ginas web, como por ejemplo, esta. Las cookies permiten a estas p\u00e1ginas web, entre otras cosas, monitorizar, almacenar y recuperar informaci\u00f3n sobre los h\u00e1bitos de navegaci\u00f3n del Usuario (por ejemplo, preferencias, perfil, claves de acceso, etc.) as\u00ed como obtener informaci\u00f3n t\u00e9cnica relacionada con la navegabilidad de las p\u00e1ginas web. Las cookies tambi\u00e9n contribuyen a la funcionalidad, usabilidad y accesibilidad de las p\u00e1ginas web.  <\/p>\n<p>Dependiendo de la funci\u00f3n y finalidad de las cookies, existen diversos tipos:<\/p>\n<ul>\n<li>Anal\u00edticas. &#8211; Estas cookies recogen informaci\u00f3n con la finalidad de permitir a los sitios web realizar una evaluaci\u00f3n del uso que hacen los Usuarios de los mismos y su actividad general, as\u00ed como recopilar datos estad\u00edsticos. Las cookies anal\u00edticas miden y recogen datos del Sitio web (visitas, par\u00e1metros de tr\u00e1fico, clics, p\u00e1ginas vistas, etc.) para entender y optimizar la p\u00e1gina web.  <\/li>\n<li>Sociales. &#8211; Son necesarias para las redes sociales externas (Facebook, Google, Twitter, Pinterest, etc.). Su funci\u00f3n es controlar la interacci\u00f3n con los widgets sociales dentro de una p\u00e1gina web.  <\/li>\n<li>Cookies de publicidad y comportamentales. &#8211; Recogen informaci\u00f3n sobre los h\u00e1bitos de navegaci\u00f3n del Usuario y su comportamiento con la finalidad de identificar las preferencias, gustos y h\u00e1bitos dentro de un Sitio web espec\u00edfico. Estas cookies permiten adecuar el contenido de la publicidad en base al an\u00e1lisis realizado de los h\u00e1bitos de navegaci\u00f3n del Usuario y deduciendo las caracter\u00edsticas del mismo como localizaci\u00f3n, grupo de edad, g\u00e9nero.  <\/li>\n<li>T\u00e9cnicas. &#8211; Son las estrictamente necesarias para la funcionalidad y la navegabilidad de una p\u00e1gina web, permiten la navegaci\u00f3n del Usuario a trav\u00e9s de esta p\u00e1gina o aplicaci\u00f3n y la utilizaci\u00f3n de sus diferentes opciones o servicios. <\/li>\n<li>Cookies de personalizaci\u00f3n. &#8211; Son aquellas que permiten a los sitios web conservar determinadas preferencias (por ejemplo, idioma, pa\u00eds, configuraci\u00f3n regional, etc.) predefinidas por el Usuario en su primera visita (y posteriores) en el Sitio web. <\/li>\n<li>Cookies de terceros. &#8211; Las cookies de terceros son titularidad de terceros usadas por los sitios web a objeto de gestionar y mejorar el contenido y los servicios ofrecidos.<br \/>\nPara obtener m\u00e1s informaci\u00f3n sobre las cookies, el Usuario puede visitar la p\u00e1gina web All About Cookies.org, accesible a trav\u00e9s del siguiente enlace <a href=\"http:\/\/www.allaboutcookies.org\/es\">http:\/\/www.allaboutcookies.org\/es<\/a> <\/li>\n<\/ul>\n<p><strong>\u00bfQu\u00e9 tipos de cookies utiliza este Sitio web?<\/strong><br \/>\n<strong>Cookies propias<\/strong><br \/>\nSon enviadas a su ordenador y gestionadas exclusivamente por nosotros para el mejor funcionamiento del Sitio web. Estas cookies permanecen en su navegador, permiti\u00e9ndonos identificarle como Usuario recurrente del Sitio web, mejorar la navegaci\u00f3n y personalizar su contenido para ofrecerle contenidos ajustados a sus preferencias. <\/p>\n<p><strong>Cookies de terceros<\/strong><br \/>\n<strong>Google Analytics<\/strong><br \/>\nEl Sitio web utiliza Google Analytics, un servicio anal\u00edtico web prestado por Google, Inc. (en adelante, \u201cGoogle\u201d), una empresa ubicada en los Estados Unidos. Por lo tanto, los datos recogidos y tratados por Google Analytics (incluyendo la direcci\u00f3n IP del Usuario) podr\u00e1n ser transferidos a los Estados Unidos y almacenados en los servidores de Google situados en este pa\u00eds. <\/p>\n<p>Por medio de las cookies de Google Analytics, CATALONIA CERAMIC analiza la interacci\u00f3n del Usuario con el Sitio web, hace seguimiento de los h\u00e1bitos de navegaci\u00f3n del mismo dentro de esta, recoge datos de su actividad para que CATALONIA CERAMIC pueda medir el rendimiento de la misma.<\/p>\n<p>El Usuario puede gestionar y bloquear el tratamiento de sus datos de car\u00e1cter personal a trav\u00e9s de Google Analytics mediante la configuraci\u00f3n del navegador usado para acceder al Sitio web.<\/p>\n<p>El Usuario puede ampliar la informaci\u00f3n aqu\u00ed contenida sobre Google Analytics en <a href=\"https:\/\/www.google.com\/analytics\/learn\/privacy.html?hl=es\">https:\/\/www.google.com\/analytics\/learn\/privacy.html?hl=es<\/a><br \/>\nPor otro lado, el Usuario puede desactivar Google Analytics mediante la instalaci\u00f3n de un complemento de inhabilitaci\u00f3n. El Usuario puede obtener m\u00e1s informaci\u00f3n sobre este complemento en <a href=\"https:\/\/tools.google.com\/dlpage\/gaoptout?hl=es\">https:\/\/tools.google.com\/dlpage\/gaoptout?hl=es<\/a> <\/p>\n<p><strong>Double click<\/strong><br \/>\nEl Sitio web utiliza Doubleclick, un servicio anal\u00edtico web prestado por Google, Inc. (en adelante, \u201cGoogle\u201d), una empresa ubicada en los Estados Unidos. Por lo tanto, los datos recogidos y tratados por Google Analytics (incluyendo la direcci\u00f3n IP del Usuario) podr\u00e1n ser transferidos a los Estados Unidos y almacenados en los servidores de Google situados en este pa\u00eds.<br \/>\nGoogle opera la Red de Display de Google, una colecci\u00f3n de millones de sitios web y aplicaciones m\u00f3viles que funcionan con publicidad gr\u00e1fica, incluidos muchos servicios de Google como YouTube. Google tambi\u00e9n opera la plataforma de publicidad digital DoubleClick.  <\/p>\n<p>Las cookies Doubleclick son una base de tecnolog\u00eda publicitaria para crear, tramitar y administrar la publicidad digital para los compradores, creadores y vendedores del mundo. La plataforma DoubleClick incluye DoubleClick Advertising Exchange y Double Click Bid Manager. El Usuario puede gestionar y bloquear el tratamiento de sus datos de car\u00e1cter personal mediante la configuraci\u00f3n del navegador usado para acceder al Sitio web.  <\/p>\n<p>El Usuario puede ampliar la informaci\u00f3n aqu\u00ed contenida sobre Doubleclick en <a href=\"https:\/\/www.google.com\/analytics\/learn\/privacy.html?hl=es\">https:\/\/www.google.com\/analytics\/learn\/privacy.html?hl=es<\/a><br \/>\nPor otro lado, el Usuario puede desactivar Doubleclick mediante la instalaci\u00f3n de un complemento de inhabilitaci\u00f3n. El Usuario puede obtener m\u00e1s informaci\u00f3n sobre este complemento en <a href=\"https:\/\/tools.google.com\/dlpage\/gaoptout?hl=es\">https:\/\/tools.google.com\/dlpage\/gaoptout?hl=es<\/a> <\/p>\n<p><strong>\u00bfC\u00f3mo puedo bloquear o eliminar las cookies?<\/strong><\/p>\n<p>Para bloquear o eliminar las cookies instaladas, el Usuario debe configurar las opciones del navegador que utiliza. As\u00ed, si no desea que se instalen cookies en su disco duro, debe configurar el navegador para no recibirlas.<br \/>\nEstos son los enlaces de los principales navegadores que informan sobre el uso de cookies: <\/p>\n<p><strong>NAVEGADORES PC<\/strong><\/p>\n<ul>\n<li>Firefox: <a href=\"https:\/\/support.mozilla.org\/es\/kb\/habilitar-y-deshabilitar-cookies-que-los-sitios-we\">https:\/\/support.mozilla.org\/es\/kb\/habilitar-y-deshabilitar-cookies-que-los-sitios-we<\/a><\/li>\n<li>Chrome: <a href=\"https:\/\/support.google.com\/chrome\/answer\/95647?hl=es\">https:\/\/support.google.com\/chrome\/answer\/95647?hl=es<\/a><\/li>\n<li>Explorer: <a href=\"https:\/\/*support.*microsoft.*com\/%C3%A9s-%C3%A9s\/*help\/17442\/*windows-internet-explorer-*delete-*manage-cookies\">https:\/\/support.microsoft.com\/es-es\/help\/17442\/windows-internet-explorer-delete-manage-cookies<\/a><\/li>\n<li>Edge: <a href=\"https:\/\/support.microsoft.com\/es-es\/help\/17442\/windows-internet-explorer-delete-manage-cookies\">https:\/\/support.microsoft.com\/es-es\/help\/17442\/windows-internet-explorer-delete-manage-cookies<\/a><\/li>\n<li>Safari: <a href=\"https:\/\/support.apple.com\/kb\/ph19214?locale=es_es&amp;viewlocale=es_es\">https:\/\/support.apple.com\/kb\/ph19214?locale=es_es&amp;viewlocale=es_es<\/a><\/li>\n<li>Opera: <a href=\"http:\/\/help.opera.com\/windows\/11.50\/es-es\/cookies.html\">http:\/\/help.opera.com\/windows\/11.50\/es-es\/cookies.html<\/a><\/li>\n<\/ul>\n<p><strong>NAVEGADORES DISPOSITIVOS M\u00d3VILES<\/strong><strong><\/strong><\/p>\n<p>IOS: El Usuario puede obtener informaci\u00f3n sobre c\u00f3mo bloquear el uso de cookies y eliminarlas en:<\/p>\n<ul>\n<li>Opera http:\/\/www.opera.com\/es-419\/help\/mini\/ios<br \/>\nSafari <a href=\"https:\/\/support.apple.com\/es-es\/ht201265\">https:\/\/support.apple.com\/es-es\/ht201265<\/a><\/li>\n<li>Google Chrome <a href=\"https:\/\/support.google.com\/chrome\/answer\/2392709?hl=es\">https:\/\/support.google.com\/chrome\/answer\/2392709?hl=es<\/a><\/li>\n<\/ul>\n<p>Android: El Usuario puede obtener informaci\u00f3n sobre c\u00f3mo bloquear el uso de cookies y eliminarlas en:<\/p>\n<ul>\n<li>Mozilla Firefox <a href=\"https:\/\/support.mozilla.org\/es\/kb\/habilitar-o-deshabilitar-cookies-en-firefox-para-android\">https:\/\/support.mozilla.org\/es\/kb\/habilitar-o-deshabilitar-cookies-en-firefox-para-android<\/a><\/li>\n<li>Google Chrome <a href=\"https:\/\/support.google.com\/chrome\/answer\/2392709?hl=es\">https:\/\/support.google.com\/chrome\/answer\/2392709?hl=es<\/a><\/li>\n<li>Windows Phone 7: El Usuario puede obtener informaci\u00f3n sobre c\u00f3mo bloquear el uso de cookies y eliminarlas en <a href=\"https:\/\/support.microsoft.com\/es-es\/help\/11696\/windows-phone-7\">https:\/\/support.microsoft.com\/es-es\/help\/11696\/windows-phone-7<\/a><\/li>\n<\/ul>\n<p>El bloqueo, la deshabilitaci\u00f3n o la eliminaci\u00f3n de las cookies utilizadas por CATALONIA CERAMIC en el Sitio web puede afectar a la plena funcionalidad del mismo; haciendo que algunos servicios o funciones del Sitio web no est\u00e9n disponibles.<\/p>\n<p>Si usted desea revocar su consentimiento respecto al uso de cookies, p\u00f3ngase en contacto con nosotros a trav\u00e9s del correo electr\u00f3nico info@cataloniaceramica.es[\/et_pb_text][\/et_pb_column][et_pb_column type=\u00bb1_4&#8243; _builder_version=\u00bb4.27.4&#8243; _module_preset=\u00bbdefault\u00bb custom_padding=\u00bb||||true|false\u00bb global_colors_info=\u00bb{}\u00bb][\/et_pb_column][\/et_pb_row][\/et_pb_section]<\/p>\n","protected":false},"excerpt":{"rendered":"<p>Pol\u00edtica de cookiesPrimera capa: Utilizamos cookies propias y de terceros para mejorar nuestros servicios y analizar sus h\u00e1bitos de navegaci\u00f3n. Si contin\u00faa navegando, consideramos que acepta su uso. Puede cambiar la configuraci\u00f3n u obtener m\u00e1s informaci\u00f3n aqu\u00ed. Segunda capa: A fin de dar cumplimiento a lo dispuesto en el art\u00edculo 22 de la Ley 34\/2002, de 11 de julio, de servicios de la sociedad de la informaci\u00f3n y de comercio electr\u00f3nico, CATALONIA CERAMIC, S.L. (en adelante referido por su nombre comercial, \u201cCATALONIA CERAMIC\u201d) le informa de que nuestro Sitio web https:\/\/www.cataloniaceramica.es utiliza cookies. La presente Pol\u00edtica tiene por finalidad informar al Usuario, de manera clara y completa, sobre el funcionamiento y finalidad de las cookies que se utilizan en nuestro Sitio web. Al hacer clic en cualquier bot\u00f3n, casilla de verificaci\u00f3n o enlace contenido en el Sitio web, rellenar un formulario o hacer login, descargar cualquier contenido o hacer scroll, el Usuario manifiesta su aceptaci\u00f3n al uso de cookies que hace el Sitio web y la instalaci\u00f3n de las mismas en el ordenador utilizado por este para acceder y navegar a trav\u00e9s del mismo (incluyendo los dispositivos m\u00f3viles y los navegadores); as\u00ed como la recogida y el tratamiento de las [&hellip;]<\/p>\n","protected":false},"author":1,"featured_media":0,"parent":0,"menu_order":0,"comment_status":"closed","ping_status":"closed","template":"","meta":{"_acf_changed":false,"_et_pb_use_builder":"on","_et_pb_old_content":"","_et_gb_content_width":"","footnotes":""},"class_list":["post-5959","page","type-page","status-publish","hentry"],"acf":[],"_links":{"self":[{"href":"https:\/\/www.cataloniaceramica.es\/es\/wp-json\/wp\/v2\/pages\/5959","targetHints":{"allow":["GET"]}}],"collection":[{"href":"https:\/\/www.cataloniaceramica.es\/es\/wp-json\/wp\/v2\/pages"}],"about":[{"href":"https:\/\/www.cataloniaceramica.es\/es\/wp-json\/wp\/v2\/types\/page"}],"author":[{"embeddable":true,"href":"https:\/\/www.cataloniaceramica.es\/es\/wp-json\/wp\/v2\/users\/1"}],"replies":[{"embeddable":true,"href":"https:\/\/www.cataloniaceramica.es\/es\/wp-json\/wp\/v2\/comments?post=5959"}],"version-history":[{"count":2,"href":"https:\/\/www.cataloniaceramica.es\/es\/wp-json\/wp\/v2\/pages\/5959\/revisions"}],"predecessor-version":[{"id":5961,"href":"https:\/\/www.cataloniaceramica.es\/es\/wp-json\/wp\/v2\/pages\/5959\/revisions\/5961"}],"wp:attachment":[{"href":"https:\/\/www.cataloniaceramica.es\/es\/wp-json\/wp\/v2\/media?parent=5959"}],"curies":[{"name":"wp","href":"https:\/\/api.w.org\/{rel}","templated":true}]}}