{"id":5880,"date":"2025-05-08T08:58:00","date_gmt":"2025-05-08T08:58:00","guid":{"rendered":"https:\/\/catalonia.srvcactus.com\/madera-vinilos-y-laminados\/"},"modified":"2026-03-24T14:03:38","modified_gmt":"2026-03-24T14:03:38","slug":"madera-vinilos-y-laminados","status":"publish","type":"page","link":"https:\/\/www.cataloniaceramica.es\/es\/madera-vinilos-y-laminados\/","title":{"rendered":"Madera, vinilos y laminados"},"content":{"rendered":"<p>[et_pb_section fb_built=\u00bb1&#8243; _builder_version=\u00bb4.27.4&#8243; _module_preset=\u00bbdefault\u00bb background_color=\u00bb#FFFFFF\u00bb custom_margin_tablet=\u00bb\u00bb custom_margin_phone=\u00bb\u00bb custom_margin_last_edited=\u00bbon|phone\u00bb custom_padding=\u00bb2em||1em||false|false\u00bb locked=\u00bboff\u00bb global_colors_info=\u00bb{}\u00bb][et_pb_row admin_label=\u00bbFila\u00bb module_class=\u00bbfila_sangre\u00bb _builder_version=\u00bb4.27.4&#8243; _module_preset=\u00bbdefault\u00bb custom_padding=\u00bb0px||0px||false|false\u00bb animation_style=\u00bbfade\u00bb global_colors_info=\u00bb{}\u00bb][et_pb_column type=\u00bb4_4&#8243; _builder_version=\u00bb4.27.4&#8243; _module_preset=\u00bbdefault\u00bb global_colors_info=\u00bb{}\u00bb][et_pb_text module_class=\u00bbtitle-separator-animation\u00bb _builder_version=\u00bb4.27.4&#8243; _module_preset=\u00bbdefault\u00bb text_text_color=\u00bb#B31C29&#8243; background_color=\u00bbRGBA(255,255,255,0)\u00bb width=\u00bb87.8%\u00bb custom_margin=\u00bb1px||15px||false|false\u00bb custom_padding=\u00bb0px|0px|0px|0px|false|false\u00bb global_colors_info=\u00bb{}\u00bb]Confort y estilo en cada ambiente[\/et_pb_text][et_pb_text _builder_version=\u00bb4.27.6&#8243; _module_preset=\u00bbdefault\u00bb width_tablet=\u00bb96%\u00bb width_phone=\u00bb98%\u00bb width_last_edited=\u00bbon|phone\u00bb custom_margin=\u00bb|-51px|0px||false|false\u00bb custom_padding=\u00bb||0px||false|false\u00bb hover_enabled=\u00bb0&#8243; global_colors_info=\u00bb{}\u00bb sticky_enabled=\u00bb0&#8243;]<\/p>\n<h1>Pavimentos de madera, vinilos y laminados<\/h1>\n<p>[\/et_pb_text][et_pb_text module_class=\u00bbtitle-separator-animation\u00bb _builder_version=\u00bb4.27.5&#8243; _module_preset=\u00bbdefault\u00bb text_text_color=\u00bb#000000&#8243; text_line_height=\u00bb1.4em\u00bb background_color=\u00bbRGBA(255,255,255,0)\u00bb custom_margin=\u00bb5px||30px||false|false\u00bb custom_padding=\u00bb0px|0px|0px|0px|false|false\u00bb locked=\u00bboff\u00bb global_colors_info=\u00bb{}\u00bb]<\/p>\n<p><span style=\"font-weight: 400;\">Pavimentos y revestimientos con acabado de madera de la m\u00e1xima calidad, ya sea natural, laminado o vin\u00edlico.<\/span><\/p>\n<p>[\/et_pb_text][\/et_pb_column][\/et_pb_row][\/et_pb_section][et_pb_section fb_built=\u00bb1&#8243; admin_label=\u00bbSecci\u00f3n\u00bb _builder_version=\u00bb4.27.4&#8243; _module_preset=\u00bbdefault\u00bb custom_padding=\u00bb3em||86px||false|false\u00bb global_colors_info=\u00bb{}\u00bb][et_pb_row column_structure=\u00bb1_4,1_4,1_4,1_4&#8243; use_custom_gutter=\u00bbon\u00bb gutter_width=\u00bb2&#8243; make_equal=\u00bbon\u00bb _builder_version=\u00bb4.27.4&#8243; _module_preset=\u00bbdefault\u00bb custom_margin=\u00bb||0px||false|false\u00bb custom_padding=\u00bb||0px||false|false\u00bb global_colors_info=\u00bb{}\u00bb][et_pb_column type=\u00bb1_4&#8243; _builder_version=\u00bb4.27.4&#8243; _module_preset=\u00bbdefault\u00bb background_color=\u00bb#FFFFFF\u00bb global_colors_info=\u00bb{}\u00bb][et_pb_image src=\u00bbhttps:\/\/www.cataloniaceramica.es\/wp-content\/uploads\/2026\/01\/iStock-1217607817-scaled.jpg\u00bb alt=\u00bbParquets de madera\u00bb title_text=\u00bbPrimer plano de sustrato laminado y tabla de parquet\u00bb _builder_version=\u00bb4.27.4&#8243; _module_preset=\u00bbdefault\u00bb global_colors_info=\u00bb{}\u00bb][\/et_pb_image][et_pb_text _builder_version=\u00bb4.27.4&#8243; _module_preset=\u00bbdefault\u00bb header_3_text_color=\u00bb#B31D29&#8243; header_3_line_height=\u00bb1.2em\u00bb custom_margin=\u00bb||0px||false|false\u00bb custom_padding=\u00bb|1em||1em|false|true\u00bb global_colors_info=\u00bb{}\u00bb]<\/p>\n<h3><strong>Parquets de madera<\/strong><\/h3>\n<p>[\/et_pb_text][et_pb_text _builder_version=\u00bb4.27.4&#8243; _module_preset=\u00bbdefault\u00bb header_3_line_height=\u00bb1.2em\u00bb custom_margin=\u00bb||||false|false\u00bb custom_padding=\u00bb|1em|1em|1em|false|true\u00bb global_colors_info=\u00bb{}\u00bb]Los parquets de madera aportan calidez y elegancia a cualquier espacio. Disponibles en diferentes esencias y acabados, permiten crear ambientes acogedores y adaptables a diversos estilos interiores.[\/et_pb_text][\/et_pb_column][et_pb_column type=\u00bb1_4&#8243; _builder_version=\u00bb4.27.4&#8243; _module_preset=\u00bbdefault\u00bb background_color=\u00bb#FFFFFF\u00bb global_colors_info=\u00bb{}\u00bb][et_pb_image src=\u00bbhttps:\/\/www.cataloniaceramica.es\/wp-content\/uploads\/2026\/01\/Paviments_1-01.jpg\u00bb alt=\u00bbParquets laminados\u00bb title_text=\u00bbPavimentos_1-01&#8243; _builder_version=\u00bb4.27.4&#8243; _module_preset=\u00bbdefault\u00bb global_colors_info=\u00bb{}\u00bb][\/et_pb_image][et_pb_text _builder_version=\u00bb4.27.4&#8243; _module_preset=\u00bbdefault\u00bb header_3_text_color=\u00bb#B31D29&#8243; header_3_line_height=\u00bb1.2em\u00bb custom_margin=\u00bb||0px||false|false\u00bb custom_padding=\u00bb|1em||1em|false|true\u00bb global_colors_info=\u00bb{}\u00bb]<\/p>\n<h3><strong>Parquets laminados<\/strong><\/h3>\n<p>[\/et_pb_text][et_pb_text _builder_version=\u00bb4.27.4&#8243; _module_preset=\u00bbdefault\u00bb header_3_line_height=\u00bb1.2em\u00bb custom_margin=\u00bb||||false|false\u00bb custom_padding=\u00bb|1em|1em|1em|false|true\u00bb global_colors_info=\u00bb{}\u00bb]Resistentes y f\u00e1ciles de instalar, los parquets laminados imitan con fidelidad la madera natural. Ideales para zonas con alto tr\u00e1nsito, ofrecen una amplia variedad de estilos y colores para cualquier espacio.[\/et_pb_text][\/et_pb_column][et_pb_column type=\u00bb1_4&#8243; _builder_version=\u00bb4.27.4&#8243; _module_preset=\u00bbdefault\u00bb background_color=\u00bb#FFFFFF\u00bb global_colors_info=\u00bb{}\u00bb][et_pb_image src=\u00bbhttps:\/\/www.cataloniaceramica.es\/wp-content\/uploads\/2026\/01\/iStock-1237253969-scaled.jpg\u00bb alt=\u00bbPavimentos vin\u00edlicos\u00bb title_text=\u00bbMuestra de materiales de madera para muebles del hogar.\u00bb _builder_version=\u00bb4.27.4&#8243; _module_preset=\u00bbdefault\u00bb global_colors_info=\u00bb{}\u00bb][\/et_pb_image][et_pb_text _builder_version=\u00bb4.27.4&#8243; _module_preset=\u00bbdefault\u00bb header_3_text_color=\u00bb#B31D29&#8243; header_3_line_height=\u00bb1.2em\u00bb custom_margin=\u00bb||0px||false|false\u00bb custom_padding=\u00bb|1em||1em|false|true\u00bb global_colors_info=\u00bb{}\u00bb]<\/p>\n<h3><strong>Pavimentos vin\u00edlicos<\/strong><\/h3>\n<p>[\/et_pb_text][et_pb_text _builder_version=\u00bb4.27.4&#8243; _module_preset=\u00bbdefault\u00bb header_3_line_height=\u00bb1.2em\u00bb custom_margin=\u00bb||||false|false\u00bb custom_padding=\u00bb|1em|1em|1em|false|true\u00bb global_colors_info=\u00bb{}\u00bb]Pavimentos c\u00f3modos y vers\u00e1tiles, los vinilos permiten adaptarlos a interiores residenciales y comerciales. Garantizan resistencia, f\u00e1cil mantenimiento y confort al paso, con texturas y estilos diversos.[\/et_pb_text][\/et_pb_column][et_pb_column type=\u00bb1_4&#8243; _builder_version=\u00bb4.27.4&#8243; _module_preset=\u00bbdefault\u00bb background_color=\u00bb#FFFFFF\u00bb global_colors_info=\u00bb{}\u00bb][et_pb_image src=\u00bbhttps:\/\/www.cataloniaceramica.es\/wp-content\/uploads\/2026\/01\/iStock-1714637923-scaled.jpg\u00bb alt=\u00bbC\u00e9sped artificial\u00bb title_text=\u00bbDetalle de tipos de c\u00e9sped artificial en un muestrario.\u00bb _builder_version=\u00bb4.27.4&#8243; _module_preset=\u00bbdefault\u00bb global_colors_info=\u00bb{}\u00bb][\/et_pb_image][et_pb_text _builder_version=\u00bb4.27.4&#8243; _module_preset=\u00bbdefault\u00bb header_3_text_color=\u00bb#B31D29&#8243; header_3_line_height=\u00bb1.2em\u00bb custom_margin=\u00bb||0px||false|false\u00bb custom_padding=\u00bb|1em||1em|false|true\u00bb global_colors_info=\u00bb{}\u00bb]<\/p>\n<h3><strong>C\u00e9sped artificial<\/strong><\/h3>\n<p>[\/et_pb_text][et_pb_text _builder_version=\u00bb4.27.4&#8243; _module_preset=\u00bbdefault\u00bb header_3_line_height=\u00bb1.2em\u00bb custom_margin=\u00bb||||false|false\u00bb custom_padding=\u00bb|1em|1em|1em|false|true\u00bb global_colors_info=\u00bb{}\u00bb]<\/p>\n<p>Con un aspecto verde y natural todo el a\u00f1o, el c\u00e9sped artificial es perfecto para jardines, terrazas y zonas de ocio. Est\u00e9tico y pr\u00e1ctico, ofrece gran durabilidad sin necesidad de mantenimiento intensivo. <\/p>\n<p>[\/et_pb_text][\/et_pb_column][\/et_pb_row][\/et_pb_section][et_pb_section fb_built=\u00bb1&#8243; _builder_version=\u00bb4.27.5&#8243; _module_preset=\u00bbdefault\u00bb background_color=\u00bb#FFFFFF\u00bb max_height=\u00bb180px\u00bb custom_padding=\u00bb0em||0em||false|false\u00bb border_width_top=\u00bb1px\u00bb locked=\u00bboff\u00bb global_colors_info=\u00bb{}\u00bb][et_pb_row make_equal=\u00bbon\u00bb _builder_version=\u00bb4.27.5&#8243; _module_preset=\u00bbdefault\u00bb width=\u00bb100%\u00bb max_width=\u00bb100%\u00bb custom_margin=\u00bb||||false|false\u00bb custom_padding=\u00bb0em||0px||false|false\u00bb global_colors_info=\u00bb{}\u00bb][et_pb_column type=\u00bb4_4&#8243; _builder_version=\u00bb4.27.4&#8243; _module_preset=\u00bbdefault\u00bb custom_padding=\u00bb||||true|false\u00bb global_colors_info=\u00bb{}\u00bb][dsm_image_carousel gallery_ids=\u00bb4617,4618,4619,4620&#8243; lazyload=\u00bbon\u00bb centered_slides=\u00bbon\u00bb slide_to_show=\u00bb8&#8243; speed=\u00bb5000&#8243; space_between=\u00bb20&#8243; infinite_smooth_scrolling=\u00bbon\u00bb grab=\u00bboff\u00bb slide_to_show_tablet=\u00bb8&#8243; slide_to_show_phone=\u00bb3&#8243; slide_to_show_last_edited=\u00bbon|phone\u00bb _builder_version=\u00bb4.27.5&#8243; _module_preset=\u00bbdefault\u00bb custom_margin=\u00bb0px||0px||false|false\u00bb custom_padding=\u00bb0px||0px||true|false\u00bb child_filter_opacity=\u00bb70%\u00bb global_colors_info=\u00bb{}\u00bb][\/dsm_image_carousel][\/et_pb_column][\/et_pb_row][\/et_pb_section]<\/p>\n","protected":false},"excerpt":{"rendered":"<p>Confort y estilo en cada ambientePavimentos de madera, vinilos y laminadosPavimentos y revestimientos con acabado de madera de la m\u00e1xima calidad, ya sea natural, laminado o vin\u00edlico.Parquets de maderaLos parquets de madera aportan calidez y elegancia a cualquier espacio. Disponibles en diferentes esencias y acabados, permiten crear ambientes acogedores y adaptables a diversos estilos interiores.Parquets laminadosResistentes y f\u00e1ciles de instalar, los parquets laminados imitan con fidelidad la madera natural. Ideales para zonas con alto tr\u00e1nsito, ofrecen una amplia variedad de estilos y colores para cualquier espacio.Pavimentos vin\u00edlicosPavimentos c\u00f3modos y vers\u00e1tiles, los vinilos permiten adaptarlos a interiores residenciales y comerciales. Garantizan resistencia, f\u00e1cil mantenimiento y confort al paso, con texturas y estilos diversos.C\u00e9sped artificialCon un aspecto verde y natural todo el a\u00f1o, el c\u00e9sped artificial es perfecto para jardines, terrazas y zonas de ocio. Est\u00e9tico y pr\u00e1ctico, ofrece gran durabilidad sin necesidad de mantenimiento intensivo. <div class=\"et_pb_module dsm_image_carousel dsm_image_carousel_0 dsm_image_carousel_arrow_outside dsm_image_carousel_arrow_mobile_inside dsm_image_carousel_infinite_scroll\">\n\t\t\t\t\n\t\t\t\t\n\t\t\t\t\n\t\t\t\t\n\t\t\t\t\n\t\t\t\t\n\t\t\t\t<div class=\"et_pb_module_inner\">\n\t\t\t\t\t<div class=\"swiper-container dsm_image_carousel_container  dsm_image_carousel_carousel\" dir=\"ltr\"data-effect=\"default\"\n\t\t\tdata-slider-effect-shadows=\"false\"\n\t\t\tdata-slider-effect-coverflow-rotate=\"30\"\n\t\t\tdata-slider-effect-coverflow-depth=\"0\"\n\t\t\tdata-loop=\"true\"\n\t\t\tdata-slide-to-show=\"8\"\n\t\t\tdata-slide-to-show-tablet=\"8\"\n\t\t\tdata-slide-to-show-phone=\"3\"\n\t\t\tdata-slide-to-scroll=\"1\"\n\t\t\tdata-slide-to-scroll-tablet=\"1\"\n\t\t\tdata-slide-to-scroll-phone=\"1\"\n\t\t\tdata-space-between=\"20\"\n\t\t\tdata-space-between-tablet=\"20\"\n\t\t\tdata-space-between-phone=\"20\"\n\t\t\tdata-slide-row=\"1\"\n\t\t\tdata-centered-slides=\"true\"\n\t\t\tdata-speed=\"5000\"\n\t\t\tdata-autoplay=\"true\"\n\t\t\tdata-autoplay-speed=\"3000\"\n\t\t\tdata-touch-move=\"true\"\n\t\t\tdata-grab=\"false\"\n\t\t\tdata-pause-on-hover=\"false\"\n\t\t\tdata-show-lightbox=\"false\"\n\t\t\tdata-lightbox-gallery=\"false\"\n\t\t\tdata-lightbox-caption=\"false\"\n\t\t\tdata-infinite-scrolling=\"true\"\n\t\t\tdata-slide-row-tablet=\"1\"\n\t\t\tdata-slide-row-phone=\"1\"\n\t\t\tdata-autoplay-viewport=80%\n\t\t\tdata-mousewheel=\"false\"\n\t\t\tdata-lazyload=\"true\"\n\t\t\tdata-type=\"carousel\"\n\t\t\tdata-slideshow-effect=\"default\"\n\t\t\tdata-slideshow-to-show=\"4\"\n\t\t\tdata-slideshow-to-show-tablet=\"4\"\n\t\t\tdata-slideshow-to-show-phone=\"\"\n\t\t\tdata-slider-orientation=\"horizontal\"\n\t\t\t\t\t\tdata-lightbox-title=\"false\"\n\n\t\t\t><div class=\"swiper-wrapper\"><div class=\"swiper-slide dsm_image_carousel_item\"><img loading=\"lazy\" decoding=\"async\" src=\"https:\/\/www.cataloniaceramica.es\/wp-content\/uploads\/2026\/02\/Logos-28-1.png\" alt=\"Area Floors\" title=\"Area Floors\" width=\"500\" height=\"278\" data-dsm-image-description=\"\" srcset=\"https:\/\/www.cataloniaceramica.es\/wp-content\/uploads\/2026\/02\/Logos-28-1.png 500w, https:\/\/www.cataloniaceramica.es\/wp-content\/uploads\/2026\/02\/Logos-28-1-480x267.png 480w\" sizes=\"(min-width: 0px) and (max-width: 480px) 480px, (min-width: 481px) 500px, 100vw\" class=\" swiper-lazy\" \/><\/div><div class=\"swiper-slide dsm_image_carousel_item\"><img loading=\"lazy\" decoding=\"async\" src=\"https:\/\/www.cataloniaceramica.es\/wp-content\/uploads\/2026\/02\/Logos-29-1.png\" alt=\"Meister\" title=\"Meister\" width=\"500\" height=\"278\" data-dsm-image-description=\"\" srcset=\"https:\/\/www.cataloniaceramica.es\/wp-content\/uploads\/2026\/02\/Logos-29-1.png 500w, https:\/\/www.cataloniaceramica.es\/wp-content\/uploads\/2026\/02\/Logos-29-1-480x267.png 480w\" sizes=\"(min-width: 0px) and (max-width: 480px) 480px, (min-width: 481px) 500px, 100vw\" class=\" swiper-lazy\" \/><\/div><div class=\"swiper-slide dsm_image_carousel_item\"><img loading=\"lazy\" decoding=\"async\" src=\"https:\/\/www.cataloniaceramica.es\/wp-content\/uploads\/2026\/02\/Logos-85.png\" alt=\"Voxfloor\" title=\"Voxfloor\" width=\"500\" height=\"278\" data-dsm-image-description=\"\" srcset=\"https:\/\/www.cataloniaceramica.es\/wp-content\/uploads\/2026\/02\/Logos-85.png 500w, https:\/\/www.cataloniaceramica.es\/wp-content\/uploads\/2026\/02\/Logos-85-480x267.png 480w\" sizes=\"(min-width: 0px) and (max-width: 480px) 480px, (min-width: 481px) 500px, 100vw\" class=\" swiper-lazy\" \/><\/div><div class=\"swiper-slide dsm_image_carousel_item\"><img loading=\"lazy\" decoding=\"async\" src=\"https:\/\/www.cataloniaceramica.es\/wp-content\/uploads\/2026\/02\/Logos-86.png\" alt=\"balterio\" title=\"balterio\" width=\"500\" height=\"278\" data-dsm-image-description=\"\" srcset=\"https:\/\/www.cataloniaceramica.es\/wp-content\/uploads\/2026\/02\/Logos-86.png 500w, https:\/\/www.cataloniaceramica.es\/wp-content\/uploads\/2026\/02\/Logos-86-480x267.png 480w\" sizes=\"(min-width: 0px) and (max-width: 480px) 480px, (min-width: 481px) 500px, 100vw\" class=\" swiper-lazy\" \/><\/div><\/div><\/div>\n\t\t\t\t<\/div>\n\t\t\t<\/div><\/p>\n","protected":false},"author":1,"featured_media":0,"parent":0,"menu_order":0,"comment_status":"closed","ping_status":"closed","template":"","meta":{"_acf_changed":false,"_et_pb_use_builder":"on","_et_pb_old_content":"","_et_gb_content_width":"","footnotes":""},"class_list":["post-5880","page","type-page","status-publish","hentry"],"acf":[],"_links":{"self":[{"href":"https:\/\/www.cataloniaceramica.es\/es\/wp-json\/wp\/v2\/pages\/5880","targetHints":{"allow":["GET"]}}],"collection":[{"href":"https:\/\/www.cataloniaceramica.es\/es\/wp-json\/wp\/v2\/pages"}],"about":[{"href":"https:\/\/www.cataloniaceramica.es\/es\/wp-json\/wp\/v2\/types\/page"}],"author":[{"embeddable":true,"href":"https:\/\/www.cataloniaceramica.es\/es\/wp-json\/wp\/v2\/users\/1"}],"replies":[{"embeddable":true,"href":"https:\/\/www.cataloniaceramica.es\/es\/wp-json\/wp\/v2\/comments?post=5880"}],"version-history":[{"count":4,"href":"https:\/\/www.cataloniaceramica.es\/es\/wp-json\/wp\/v2\/pages\/5880\/revisions"}],"predecessor-version":[{"id":5957,"href":"https:\/\/www.cataloniaceramica.es\/es\/wp-json\/wp\/v2\/pages\/5880\/revisions\/5957"}],"wp:attachment":[{"href":"https:\/\/www.cataloniaceramica.es\/es\/wp-json\/wp\/v2\/media?parent=5880"}],"curies":[{"name":"wp","href":"https:\/\/api.w.org\/{rel}","templated":true}]}}