{"id":5801,"date":"2025-10-23T09:03:48","date_gmt":"2025-10-23T09:03:48","guid":{"rendered":"https:\/\/catalonia.srvcactus.com\/ferreterias\/"},"modified":"2026-03-24T14:02:40","modified_gmt":"2026-03-24T14:02:40","slug":"ferreterias","status":"publish","type":"page","link":"https:\/\/www.cataloniaceramica.es\/es\/ferreterias\/","title":{"rendered":"Ferreter\u00edas"},"content":{"rendered":"<p>[et_pb_section fb_built=\u00bb1&#8243; custom_padding_last_edited=\u00bbon|phone\u00bb _builder_version=\u00bb4.27.4&#8243; _module_preset=\u00bbdefault\u00bb background_color=\u00bb#FFFFFF\u00bb custom_padding=\u00bb3em||1em||false|false\u00bb custom_padding_tablet=\u00bb3em||1em||false|false\u00bb custom_padding_phone=\u00bb2em||1em||false|false\u00bb locked=\u00bboff\u00bb global_colors_info=\u00bb{}\u00bb][et_pb_row admin_label=\u00bbFila\u00bb module_class=\u00bbfila_sangre\u00bb _builder_version=\u00bb4.27.4&#8243; _module_preset=\u00bbdefault\u00bb custom_padding=\u00bb0px||0px||false|false\u00bb animation_style=\u00bbfade\u00bb global_colors_info=\u00bb{}\u00bb][et_pb_column type=\u00bb4_4&#8243; _builder_version=\u00bb4.27.4&#8243; _module_preset=\u00bbdefault\u00bb global_colors_info=\u00bb{}\u00bb][et_pb_text module_class=\u00bbtitle-separator-animation\u00bb _builder_version=\u00bb4.27.5&#8243; _module_preset=\u00bbdefault\u00bb text_text_color=\u00bb#B31C29&#8243; background_color=\u00bbRGBA(255,255,255,0)\u00bb width=\u00bb87.8%\u00bb custom_margin=\u00bb1px||15px||false|false\u00bb custom_padding=\u00bb0px|0px|0px|0px|false|false\u00bb global_colors_info=\u00bb{}\u00bb]<\/p>\n<p>Herramientas y complementos para profesionales<\/p>\n<p>[\/et_pb_text][et_pb_text _builder_version=\u00bb4.27.4&#8243; _module_preset=\u00bbdefault\u00bb width_last_edited=\u00bboff|desktop\u00bb custom_margin=\u00bb|-51px|0px||false|false\u00bb custom_padding=\u00bb||0px||false|false\u00bb global_colors_info=\u00bb{}\u00bb]<\/p>\n<h1>Ferreter\u00eda<\/h1>\n<p>[\/et_pb_text][et_pb_text module_class=\u00bbtitle-separator-animation\u00bb _builder_version=\u00bb4.27.5&#8243; _module_preset=\u00bbdefault\u00bb text_text_color=\u00bb#000000&#8243; text_line_height=\u00bb1.4em\u00bb background_color=\u00bbRGBA(255,255,255,0)\u00bb custom_margin=\u00bb5px||30px||false|false\u00bb custom_padding=\u00bb0px|0px|0px|0px|false|false\u00bb locked=\u00bboff\u00bb global_colors_info=\u00bb{}\u00bb]<\/p>\n<p><span style=\"font-weight: 400;\">Herramientas, alquiler de maquinaria, recambios, consumibles, fontaner\u00eda, climatizaci\u00f3n, saneamiento, iluminaci\u00f3n, pinturas, EPIs, se\u00f1al\u00e9tica, etc.<\/span><\/p>\n<p>[\/et_pb_text][\/et_pb_column][\/et_pb_row][\/et_pb_section][et_pb_section fb_built=\u00bb1&#8243; admin_label=\u00bbSecci\u00f3n\u00bb _builder_version=\u00bb4.27.4&#8243; _module_preset=\u00bbdefault\u00bb custom_padding=\u00bb3em||86px||false|false\u00bb locked=\u00bboff\u00bb global_colors_info=\u00bb{}\u00bb][et_pb_row column_structure=\u00bb1_4,1_4,1_4,1_4&#8243; use_custom_gutter=\u00bbon\u00bb gutter_width=\u00bb2&#8243; make_equal=\u00bbon\u00bb _builder_version=\u00bb4.27.4&#8243; _module_preset=\u00bbdefault\u00bb custom_margin=\u00bb||0px||false|false\u00bb custom_padding=\u00bb||0px||false|false\u00bb global_colors_info=\u00bb{}\u00bb][et_pb_column type=\u00bb1_4&#8243; _builder_version=\u00bb4.27.4&#8243; _module_preset=\u00bbdefault\u00bb background_color=\u00bb#FFFFFF\u00bb global_colors_info=\u00bb{}\u00bb][et_pb_image src=\u00bbhttps:\/\/www.cataloniaceramica.es\/wp-content\/uploads\/2026\/01\/iStock-1664008278-scaled.jpg\u00bb alt=\u00bbHerramientas manuales\u00bb title_text=\u00bbWork tools\u00bb _builder_version=\u00bb4.27.4&#8243; _module_preset=\u00bbdefault\u00bb global_colors_info=\u00bb{}\u00bb][\/et_pb_image][et_pb_text _builder_version=\u00bb4.27.4&#8243; _module_preset=\u00bbdefault\u00bb header_3_text_color=\u00bb#B31D29&#8243; header_3_line_height=\u00bb1.2em\u00bb custom_margin=\u00bb||0px||false|false\u00bb custom_padding=\u00bb|1em||1em|false|true\u00bb global_colors_info=\u00bb{}\u00bb]<\/p>\n<h3><strong>Herramientas manuales<\/strong><\/h3>\n<p>[\/et_pb_text][et_pb_text _builder_version=\u00bb4.27.4&#8243; _module_preset=\u00bbdefault\u00bb header_3_line_height=\u00bb1.2em\u00bb custom_margin=\u00bb||||false|false\u00bb custom_padding=\u00bb|1em|1em|1em|false|true\u00bb global_colors_info=\u00bb{}\u00bb]<\/p>\n<p>Martillos, sierras, paletas o llanas y otras herramientas seleccionadas para facilitar la ejecuci\u00f3n de todas las obras.<\/p>\n<p>[\/et_pb_text][\/et_pb_column][et_pb_column type=\u00bb1_4&#8243; _builder_version=\u00bb4.27.4&#8243; _module_preset=\u00bbdefault\u00bb background_color=\u00bb#FFFFFF\u00bb global_colors_info=\u00bb{}\u00bb][et_pb_image src=\u00bbhttps:\/\/www.cataloniaceramica.es\/wp-content\/uploads\/2026\/01\/iStock-1480523117-scaled.jpg\u00bb alt=\u00bbHerramientas el\u00e9ctricas<br \/>\n\u00bb title_text=\u00bboperario cortando una baldosa con una amoladora angular en una obra\u00bb _builder_version=\u00bb4.27.4&#8243; _module_preset=\u00bbdefault\u00bb global_colors_info=\u00bb{}\u00bb][\/et_pb_image][et_pb_text _builder_version=\u00bb4.27.4&#8243; _module_preset=\u00bbdefault\u00bb header_3_text_color=\u00bb#B31D29&#8243; header_3_line_height=\u00bb1.2em\u00bb custom_margin=\u00bb||0px||false|false\u00bb custom_padding=\u00bb|1em||1em|false|true\u00bb global_colors_info=\u00bb{}\u00bb]<\/p>\n<h3><strong>Herramientas el\u00e9ctricas<\/strong><\/h3>\n<p>[\/et_pb_text][et_pb_text _builder_version=\u00bb4.27.4&#8243; _module_preset=\u00bbdefault\u00bb header_3_line_height=\u00bb1.2em\u00bb custom_margin=\u00bb||||false|false\u00bb custom_padding=\u00bb|1em|1em|1em|false|true\u00bb global_colors_info=\u00bb{}\u00bb]<\/p>\n<p>Taladros, sierras, pulidoras y otras herramientas el\u00e9ctricas seleccionadas para asegurar precisi\u00f3n, eficiencia y durabilidad.<\/p>\n<p>[\/et_pb_text][\/et_pb_column][et_pb_column type=\u00bb1_4&#8243; _builder_version=\u00bb4.27.4&#8243; _module_preset=\u00bbdefault\u00bb background_color=\u00bb#FFFFFF\u00bb global_colors_info=\u00bb{}\u00bb][et_pb_image src=\u00bbhttps:\/\/www.cataloniaceramica.es\/wp-content\/uploads\/2026\/01\/iStock-182094633-scaled.jpg\u00bb alt=\u00bbMaquinaria de corte cer\u00e1mico\u00bb title_text=\u00bbhombre cortando baldosa con cortador\u00bb _builder_version=\u00bb4.27.4&#8243; _module_preset=\u00bbdefault\u00bb global_colors_info=\u00bb{}\u00bb][\/et_pb_image][et_pb_text _builder_version=\u00bb4.27.4&#8243; _module_preset=\u00bbdefault\u00bb header_3_text_color=\u00bb#B31D29&#8243; header_3_line_height=\u00bb1.2em\u00bb custom_margin=\u00bb||0px||false|false\u00bb custom_padding=\u00bb|1em||1em|false|true\u00bb global_colors_info=\u00bb{}\u00bb]<\/p>\n<h3><strong>Maquinaria de corte cer\u00e1mico<\/strong><\/h3>\n<p>[\/et_pb_text][et_pb_text _builder_version=\u00bb4.27.4&#8243; _module_preset=\u00bbdefault\u00bb header_3_line_height=\u00bb1.2em\u00bb custom_margin=\u00bb||||false|false\u00bb custom_padding=\u00bb|1em|1em|1em|false|true\u00bb global_colors_info=\u00bb{}\u00bb]<\/p>\n<p>Equipos espec\u00edficos para cortar, manipular y colocar piezas cer\u00e1micas de peque\u00f1o y gran formato con precisi\u00f3n y seguridad.<\/p>\n<p>[\/et_pb_text][\/et_pb_column][et_pb_column type=\u00bb1_4&#8243; _builder_version=\u00bb4.27.4&#8243; _module_preset=\u00bbdefault\u00bb background_color=\u00bb#FFFFFF\u00bb global_colors_info=\u00bb{}\u00bb][et_pb_image src=\u00bbhttps:\/\/www.cataloniaceramica.es\/wp-content\/uploads\/2026\/01\/iStock-494768599-scaled.jpg\u00bb alt=\u00bbAlquiler de maquinaria\u00bb title_text=\u00bbBrick cutting\u00bb _builder_version=\u00bb4.27.4&#8243; _module_preset=\u00bbdefault\u00bb global_colors_info=\u00bb{}\u00bb][\/et_pb_image][et_pb_text _builder_version=\u00bb4.27.4&#8243; _module_preset=\u00bbdefault\u00bb header_3_text_color=\u00bb#B31D29&#8243; header_3_line_height=\u00bb1.2em\u00bb custom_margin=\u00bb||0px||false|false\u00bb custom_padding=\u00bb|1em||1em|false|true\u00bb global_colors_info=\u00bb{}\u00bb]<\/p>\n<h3><strong>Alquiler de maquinaria<\/strong><\/h3>\n<p>[\/et_pb_text][et_pb_text _builder_version=\u00bb4.27.4&#8243; _module_preset=\u00bbdefault\u00bb header_3_line_height=\u00bb1.2em\u00bb custom_margin=\u00bb||||false|false\u00bb custom_padding=\u00bb|1em|1em|1em|false|true\u00bb global_colors_info=\u00bb{}\u00bb]<\/p>\n<p>Maquinaria para obras puntuales o proyectos espec\u00edficos, con mantenimiento profesional y garant\u00eda de calidad.<\/p>\n<p>[\/et_pb_text][\/et_pb_column][\/et_pb_row][et_pb_row column_structure=\u00bb1_4,1_4,1_4,1_4&#8243; use_custom_gutter=\u00bbon\u00bb gutter_width=\u00bb2&#8243; make_equal=\u00bbon\u00bb _builder_version=\u00bb4.27.4&#8243; _module_preset=\u00bbdefault\u00bb custom_margin=\u00bb||0px||false|false\u00bb custom_padding=\u00bb||0px||false|false\u00bb global_colors_info=\u00bb{}\u00bb][et_pb_column type=\u00bb1_4&#8243; _builder_version=\u00bb4.27.4&#8243; _module_preset=\u00bbdefault\u00bb background_color=\u00bb#FFFFFF\u00bb global_colors_info=\u00bb{}\u00bb][et_pb_image src=\u00bbhttps:\/\/www.cataloniaceramica.es\/wp-content\/uploads\/2026\/01\/Eines_1-01.jpg\u00bb alt=\u00bbComponentes construcci\u00f3n\u00bb title_text=\u00bbEines_1-01&#8243; _builder_version=\u00bb4.27.4&#8243; _module_preset=\u00bbdefault\u00bb global_colors_info=\u00bb{}\u00bb][\/et_pb_image][et_pb_text _builder_version=\u00bb4.27.4&#8243; _module_preset=\u00bbdefault\u00bb header_3_text_color=\u00bb#B31D29&#8243; header_3_line_height=\u00bb1.2em\u00bb custom_margin=\u00bb||0px||false|false\u00bb custom_padding=\u00bb|1em||1em|false|true\u00bb global_colors_info=\u00bb{}\u00bb]<\/p>\n<h3><strong>Fontaner\u00eda y climatizaci\u00f3n<\/strong><\/h3>\n<p>[\/et_pb_text][et_pb_text _builder_version=\u00bb4.27.4&#8243; _module_preset=\u00bbdefault\u00bb header_3_line_height=\u00bb1.2em\u00bb custom_margin=\u00bb||||false|false\u00bb custom_padding=\u00bb|1em|1em|1em|false|true\u00bb global_colors_info=\u00bb{}\u00bb]<\/p>\n<p>Tubos, v\u00e1lvulas, herramientas y equipamientos para instalaciones t\u00e9cnicas, asegurando un funcionamiento \u00f3ptimo.<\/p>\n<p>[\/et_pb_text][\/et_pb_column][et_pb_column type=\u00bb1_4&#8243; _builder_version=\u00bb4.27.4&#8243; _module_preset=\u00bbdefault\u00bb background_color=\u00bb#FFFFFF\u00bb global_colors_info=\u00bb{}\u00bb][et_pb_image src=\u00bbhttps:\/\/www.cataloniaceramica.es\/wp-content\/uploads\/2026\/01\/iStock-927653678-scaled.jpg\u00bb alt=\u00bbElectricidad e iluminaci\u00f3n\u00bb title_text=\u00bbPrimer plano de componentes y equipos el\u00e9ctricos sobre fondo de madera envejecida\u00bb _builder_version=\u00bb4.27.4&#8243; _module_preset=\u00bbdefault\u00bb global_colors_info=\u00bb{}\u00bb][\/et_pb_image][et_pb_text _builder_version=\u00bb4.27.4&#8243; _module_preset=\u00bbdefault\u00bb header_3_text_color=\u00bb#B31D29&#8243; header_3_line_height=\u00bb1.2em\u00bb custom_margin=\u00bb||0px||false|false\u00bb custom_padding=\u00bb|1em||1em|false|true\u00bb global_colors_info=\u00bb{}\u00bb]<\/p>\n<h3><strong>Electricidad e iluminaci\u00f3n<\/strong><\/h3>\n<p>[\/et_pb_text][et_pb_text _builder_version=\u00bb4.27.4&#8243; _module_preset=\u00bbdefault\u00bb header_3_line_height=\u00bb1.2em\u00bb custom_margin=\u00bb||||false|false\u00bb custom_padding=\u00bb|1em|1em|1em|false|true\u00bb global_colors_info=\u00bb{}\u00bb]<\/p>\n<p>Materiales y accesorios para instalaciones el\u00e9ctricas e iluminaci\u00f3n eficiente, adaptados a cualquier entorno y con la m\u00e1xima eficiencia.<\/p>\n<p>[\/et_pb_text][\/et_pb_column][et_pb_column type=\u00bb1_4&#8243; _builder_version=\u00bb4.27.4&#8243; _module_preset=\u00bbdefault\u00bb background_color=\u00bb#FFFFFF\u00bb global_colors_info=\u00bb{}\u00bb][et_pb_image src=\u00bbhttps:\/\/www.cataloniaceramica.es\/wp-content\/uploads\/2026\/01\/Eines_3-01.jpg\u00bb alt=\u00bbIluminaci\u00f3n natural\u00bb title_text=\u00bbEines_3-01&#8243; _builder_version=\u00bb4.27.4&#8243; _module_preset=\u00bbdefault\u00bb global_colors_info=\u00bb{}\u00bb][\/et_pb_image][et_pb_text _builder_version=\u00bb4.27.4&#8243; _module_preset=\u00bbdefault\u00bb header_3_text_color=\u00bb#B31D29&#8243; header_3_line_height=\u00bb1.2em\u00bb custom_margin=\u00bb||0px||false|false\u00bb custom_padding=\u00bb|1em||1em|false|true\u00bb global_colors_info=\u00bb{}\u00bb]<\/p>\n<h3><strong>Iluminaci\u00f3n natural<\/strong><\/h3>\n<p>[\/et_pb_text][et_pb_text _builder_version=\u00bb4.27.4&#8243; _module_preset=\u00bbdefault\u00bb header_3_line_height=\u00bb1.2em\u00bb custom_margin=\u00bb||||false|false\u00bb custom_padding=\u00bb|1em|1em|1em|false|true\u00bb global_colors_info=\u00bb{}\u00bb]<\/p>\n<p>Claraboyas, tubos solares, ventanas t\u00e9cnicas y elementos para aprovechar la luz natural, mejorando la eficiencia energ\u00e9tica.<\/p>\n<p>[\/et_pb_text][\/et_pb_column][et_pb_column type=\u00bb1_4&#8243; _builder_version=\u00bb4.27.4&#8243; _module_preset=\u00bbdefault\u00bb background_color=\u00bb#FFFFFF\u00bb global_colors_info=\u00bb{}\u00bb][et_pb_image src=\u00bbhttps:\/\/www.cataloniaceramica.es\/wp-content\/uploads\/2026\/01\/Eines_4-01.jpg\u00bb alt=\u00bbTechos registrables\u00bb title_text=\u00bbEines_4-01&#8243; _builder_version=\u00bb4.27.4&#8243; _module_preset=\u00bbdefault\u00bb global_colors_info=\u00bb{}\u00bb][\/et_pb_image][et_pb_text _builder_version=\u00bb4.27.4&#8243; _module_preset=\u00bbdefault\u00bb header_3_text_color=\u00bb#B31D29&#8243; header_3_line_height=\u00bb1.2em\u00bb custom_margin=\u00bb||0px||false|false\u00bb custom_padding=\u00bb|1em||1em|false|true\u00bb global_colors_info=\u00bb{}\u00bb]<\/p>\n<h3><b>Techos registrables<\/b><\/h3>\n<p>[\/et_pb_text][et_pb_text _builder_version=\u00bb4.27.4&#8243; _module_preset=\u00bbdefault\u00bb header_3_line_height=\u00bb1.2em\u00bb custom_margin=\u00bb||||false|false\u00bb custom_padding=\u00bb|1em|1em|1em|false|true\u00bb global_colors_info=\u00bb{}\u00bb]<\/p>\n<p>Sistemas de techo practicables para espacios t\u00e9cnicos, comerciales e industriales, que facilitan el acceso a instalaciones y mejoran el confort ac\u00fastico y funcional.<\/p>\n<p>[\/et_pb_text][\/et_pb_column][\/et_pb_row][et_pb_row column_structure=\u00bb1_4,1_4,1_4,1_4&#8243; use_custom_gutter=\u00bbon\u00bb gutter_width=\u00bb2&#8243; make_equal=\u00bbon\u00bb _builder_version=\u00bb4.27.4&#8243; _module_preset=\u00bbdefault\u00bb custom_margin=\u00bb||0px||false|false\u00bb custom_padding=\u00bb||0px||false|false\u00bb global_colors_info=\u00bb{}\u00bb][et_pb_column type=\u00bb1_4&#8243; _builder_version=\u00bb4.27.4&#8243; _module_preset=\u00bbdefault\u00bb background_color=\u00bb#FFFFFF\u00bb global_colors_info=\u00bb{}\u00bb][et_pb_image src=\u00bbhttps:\/\/www.cataloniaceramica.es\/wp-content\/uploads\/2026\/01\/iStock-1223842718-scaled.jpg\u00bb alt=\u00bbSaneamiento y evacuaci\u00f3n\u00bb title_text=\u00bbTuber\u00edas y tubos de pl\u00e1stico PVC apilados en almac\u00e9n.\u00bb _builder_version=\u00bb4.27.4&#8243; _module_preset=\u00bbdefault\u00bb global_colors_info=\u00bb{}\u00bb][\/et_pb_image][et_pb_text _builder_version=\u00bb4.27.4&#8243; _module_preset=\u00bbdefault\u00bb header_3_text_color=\u00bb#B31D29&#8243; header_3_line_height=\u00bb1.2em\u00bb custom_margin=\u00bb||0px||false|false\u00bb custom_padding=\u00bb|1em||1em|false|true\u00bb global_colors_info=\u00bb{}\u00bb]<\/p>\n<h3><strong>Saneamiento y evacuaci\u00f3n<\/strong><\/h3>\n<p>[\/et_pb_text][et_pb_text _builder_version=\u00bb4.27.4&#8243; _module_preset=\u00bbdefault\u00bb header_3_line_height=\u00bb1.2em\u00bb custom_margin=\u00bb||||false|false\u00bb custom_padding=\u00bb|1em|1em|1em|false|true\u00bb global_colors_info=\u00bb{}\u00bb]<\/p>\n<p>Tubos, conductos, colectores y accesorios para la conducci\u00f3n de aguas, instalaciones sanitarias y drenaje, asegurando un funcionamiento fiable y duradero.<\/p>\n<p>[\/et_pb_text][\/et_pb_column][et_pb_column type=\u00bb1_4&#8243; _builder_version=\u00bb4.27.4&#8243; _module_preset=\u00bbdefault\u00bb background_color=\u00bb#FFFFFF\u00bb global_colors_info=\u00bb{}\u00bb][et_pb_image src=\u00bbhttps:\/\/www.cataloniaceramica.es\/wp-content\/uploads\/2026\/01\/iStock-898648512-scaled.jpg\u00bb alt=\u00bbPinturas y acabados\u00bb title_text=\u00bbpintando con brocha\u00bb _builder_version=\u00bb4.27.4&#8243; _module_preset=\u00bbdefault\u00bb global_colors_info=\u00bb{}\u00bb][\/et_pb_image][et_pb_text _builder_version=\u00bb4.27.4&#8243; _module_preset=\u00bbdefault\u00bb header_3_text_color=\u00bb#B31D29&#8243; header_3_line_height=\u00bb1.2em\u00bb custom_margin=\u00bb||0px||false|false\u00bb custom_padding=\u00bb|1em||1em|false|true\u00bb global_colors_info=\u00bb{}\u00bb]<\/p>\n<h3><strong>Pinturas y acabados<\/strong><\/h3>\n<p>[\/et_pb_text][et_pb_text _builder_version=\u00bb4.27.4&#8243; _module_preset=\u00bbdefault\u00bb header_3_line_height=\u00bb1.2em\u00bb custom_margin=\u00bb||||false|false\u00bb custom_padding=\u00bb|1em|1em|1em|false|true\u00bb global_colors_info=\u00bb{}\u00bb]<\/p>\n<p>Materiales y accesorios para instalaciones el\u00e9ctricas e iluminaci\u00f3n eficiente, adaptados a cualquier entorno y con la m\u00e1xima eficiencia.<\/p>\n<p>[\/et_pb_text][\/et_pb_column][et_pb_column type=\u00bb1_4&#8243; _builder_version=\u00bb4.27.4&#8243; _module_preset=\u00bbdefault\u00bb background_color=\u00bb#FFFFFF\u00bb global_colors_info=\u00bb{}\u00bb][et_pb_image src=\u00bbhttps:\/\/www.cataloniaceramica.es\/wp-content\/uploads\/2026\/01\/iStock-949187048-scaled.jpg\u00bb alt=\u00bbEquipos de protecci\u00f3n individual\u00bb title_text=\u00bbOrejeras, gafas de seguridad y guantes blancos sobre la mesa\u00bb _builder_version=\u00bb4.27.4&#8243; _module_preset=\u00bbdefault\u00bb global_colors_info=\u00bb{}\u00bb][\/et_pb_image][et_pb_text _builder_version=\u00bb4.27.4&#8243; _module_preset=\u00bbdefault\u00bb header_3_text_color=\u00bb#B31D29&#8243; header_3_line_height=\u00bb1.2em\u00bb custom_margin=\u00bb||0px||false|false\u00bb custom_padding=\u00bb|1em||1em|false|true\u00bb global_colors_info=\u00bb{}\u00bb]<\/p>\n<h3><strong>Equipos de protecci\u00f3n individual (EPI)<\/strong><\/h3>\n<p>[\/et_pb_text][et_pb_text _builder_version=\u00bb4.27.4&#8243; _module_preset=\u00bbdefault\u00bb header_3_line_height=\u00bb1.2em\u00bb custom_margin=\u00bb||||false|false\u00bb custom_padding=\u00bb|1em|1em|1em|false|true\u00bb global_colors_info=\u00bb{}\u00bb]<\/p>\n<p>Guantes, cascos, gafas, mascarillas y otros elementos de seguridad para trabajar con protecci\u00f3n y comodidad.<\/p>\n<p>[\/et_pb_text][\/et_pb_column][et_pb_column type=\u00bb1_4&#8243; _builder_version=\u00bb4.27.4&#8243; _module_preset=\u00bbdefault\u00bb background_color=\u00bbRGBA(255,255,255,0)\u00bb global_colors_info=\u00bb{}\u00bb][\/et_pb_column][\/et_pb_row][\/et_pb_section][et_pb_section fb_built=\u00bb1&#8243; _builder_version=\u00bb4.27.5&#8243; _module_preset=\u00bbdefault\u00bb background_color=\u00bb#FFFFFF\u00bb max_height=\u00bb180px\u00bb custom_padding=\u00bb0em||0em||false|false\u00bb border_width_top=\u00bb1px\u00bb locked=\u00bboff\u00bb global_colors_info=\u00bb{}\u00bb][et_pb_row make_equal=\u00bbon\u00bb _builder_version=\u00bb4.27.5&#8243; _module_preset=\u00bbdefault\u00bb width=\u00bb100%\u00bb max_width=\u00bb100%\u00bb custom_margin=\u00bb||||false|false\u00bb custom_padding=\u00bb0em||0px||false|false\u00bb global_colors_info=\u00bb{}\u00bb][et_pb_column type=\u00bb4_4&#8243; _builder_version=\u00bb4.27.4&#8243; _module_preset=\u00bbdefault\u00bb custom_padding=\u00bb||||true|false\u00bb global_colors_info=\u00bb{}\u00bb][dsm_image_carousel gallery_ids=\u00bb4549,4550,4551,4552,4553,4554,4555,4556,4557,4558,4559,4560,4561,4562,4563,4564,4565,4566,4567,4568,4569,4570,4571,4572,4573&#8243; lazyload=\u00bbon\u00bb centered_slides=\u00bbon\u00bb slide_to_show=\u00bb8&#8243; speed=\u00bb5000&#8243; space_between=\u00bb20&#8243; infinite_smooth_scrolling=\u00bbon\u00bb grab=\u00bboff\u00bb slide_to_show_tablet=\u00bb8&#8243; slide_to_show_phone=\u00bb3&#8243; slide_to_show_last_edited=\u00bbon|phone\u00bb _builder_version=\u00bb4.27.5&#8243; _module_preset=\u00bbdefault\u00bb custom_margin=\u00bb0px||0px||false|false\u00bb custom_padding=\u00bb0px||0px||true|false\u00bb child_filter_opacity=\u00bb70%\u00bb hover_enabled=\u00bb0&#8243; global_colors_info=\u00bb{}\u00bb sticky_enabled=\u00bb0&#8243;][\/dsm_image_carousel][\/et_pb_column][\/et_pb_row][\/et_pb_section]<\/p>\n","protected":false},"excerpt":{"rendered":"<p>Herramientas y complementos para profesionalesFerreter\u00edaHerramientas, alquiler de maquinaria, recambios, consumibles, fontaner\u00eda, climatizaci\u00f3n, saneamiento, iluminaci\u00f3n, pinturas, EPIs, se\u00f1al\u00e9tica, etc.Herramientas manualesMartillos, sierras, paletas o llanas y otras herramientas seleccionadas para facilitar la ejecuci\u00f3n de todas las obras.Herramientas el\u00e9ctricasTaladros, sierras, pulidoras y otras herramientas el\u00e9ctricas seleccionadas para asegurar precisi\u00f3n, eficiencia y durabilidad.Maquinaria de corte cer\u00e1micoEquipos espec\u00edficos para cortar, manipular y colocar piezas cer\u00e1micas de peque\u00f1o y gran formato con precisi\u00f3n y seguridad.Alquiler de maquinariaMaquinaria para obras puntuales o proyectos espec\u00edficos, con mantenimiento profesional y garant\u00eda de calidad.Fontaner\u00eda y climatizaci\u00f3nTubos, v\u00e1lvulas, herramientas y equipamientos para instalaciones t\u00e9cnicas, asegurando un funcionamiento \u00f3ptimo.Electricidad e iluminaci\u00f3nMateriales y accesorios para instalaciones el\u00e9ctricas e iluminaci\u00f3n eficiente, adaptados a cualquier entorno y con la m\u00e1xima eficiencia.Iluminaci\u00f3n naturalClaraboyas, tubos solares, ventanas t\u00e9cnicas y elementos para aprovechar la luz natural, mejorando la eficiencia energ\u00e9tica.Techos registrablesSistemas de techo practicables para espacios t\u00e9cnicos, comerciales e industriales, que facilitan el acceso a instalaciones y mejoran el confort ac\u00fastico y funcional.Saneamiento y evacuaci\u00f3nTubos, conductos, colectores y accesorios para la conducci\u00f3n de aguas, instalaciones sanitarias y drenaje, asegurando un funcionamiento fiable y duradero.Pinturas y acabadosMateriales y accesorios para instalaciones el\u00e9ctricas e iluminaci\u00f3n eficiente, adaptados a cualquier entorno y con la m\u00e1xima eficiencia.Equipos de protecci\u00f3n individual (EPI)Guantes, cascos, [&hellip;]<\/p>\n","protected":false},"author":1,"featured_media":0,"parent":0,"menu_order":0,"comment_status":"closed","ping_status":"closed","template":"","meta":{"_acf_changed":false,"_et_pb_use_builder":"on","_et_pb_old_content":"","_et_gb_content_width":"","footnotes":""},"class_list":["post-5801","page","type-page","status-publish","hentry"],"acf":[],"_links":{"self":[{"href":"https:\/\/www.cataloniaceramica.es\/es\/wp-json\/wp\/v2\/pages\/5801","targetHints":{"allow":["GET"]}}],"collection":[{"href":"https:\/\/www.cataloniaceramica.es\/es\/wp-json\/wp\/v2\/pages"}],"about":[{"href":"https:\/\/www.cataloniaceramica.es\/es\/wp-json\/wp\/v2\/types\/page"}],"author":[{"embeddable":true,"href":"https:\/\/www.cataloniaceramica.es\/es\/wp-json\/wp\/v2\/users\/1"}],"replies":[{"embeddable":true,"href":"https:\/\/www.cataloniaceramica.es\/es\/wp-json\/wp\/v2\/comments?post=5801"}],"version-history":[{"count":1,"href":"https:\/\/www.cataloniaceramica.es\/es\/wp-json\/wp\/v2\/pages\/5801\/revisions"}],"predecessor-version":[{"id":5833,"href":"https:\/\/www.cataloniaceramica.es\/es\/wp-json\/wp\/v2\/pages\/5801\/revisions\/5833"}],"wp:attachment":[{"href":"https:\/\/www.cataloniaceramica.es\/es\/wp-json\/wp\/v2\/media?parent=5801"}],"curies":[{"name":"wp","href":"https:\/\/api.w.org\/{rel}","templated":true}]}}