{"id":5770,"date":"2025-07-10T10:44:57","date_gmt":"2025-07-10T10:44:57","guid":{"rendered":"https:\/\/catalonia.srvcactus.com\/sobre-nosotros\/"},"modified":"2026-03-24T14:02:16","modified_gmt":"2026-03-24T14:02:16","slug":"sobre-nosotros","status":"publish","type":"page","link":"https:\/\/www.cataloniaceramica.es\/es\/sobre-nosotros\/","title":{"rendered":"Sobre nosotros"},"content":{"rendered":"<p>[et_pb_section fb_built=\u00bb1&#8243; _builder_version=\u00bb4.27.4&#8243; _module_preset=\u00bbdefault\u00bb background_image=\u00bbhttps:\/\/www.cataloniaceramica.es\/wp-content\/uploads\/2025\/12\/DQ5A0070-01-1.jpg\u00bb parallax=\u00bbon\u00bb custom_padding=\u00bb10em||10em||true|false\u00bb custom_css_free_form=\u00bbselector {||  min-heigth: 360px;||}\u00bb global_colors_info=\u00bb{}\u00bb][\/et_pb_section][et_pb_section fb_built=\u00bb1&#8243; custom_padding_last_edited=\u00bbon|phone\u00bb _builder_version=\u00bb4.27.4&#8243; _module_preset=\u00bbdefault\u00bb custom_padding=\u00bb||1em||false|false\u00bb custom_padding_tablet=\u00bb||1em||false|false\u00bb custom_padding_phone=\u00bb1px||1em||false|false\u00bb global_colors_info=\u00bb{}\u00bb][et_pb_row column_structure=\u00bb1_2,1_2&#8243; make_equal=\u00bbon\u00bb module_class=\u00bbalign-center\u00bb _builder_version=\u00bb4.27.4&#8243; _module_preset=\u00bbdefault\u00bb global_colors_info=\u00bb{}\u00bb][et_pb_column type=\u00bb1_2&#8243; _builder_version=\u00bb4.27.4&#8243; _module_preset=\u00bbdefault\u00bb global_colors_info=\u00bb{}\u00bb][et_pb_text module_class=\u00bbtitle-separator-animation\u00bb _builder_version=\u00bb4.27.4&#8243; _module_preset=\u00bbdefault\u00bb text_text_color=\u00bb#000000&#8243; background_color=\u00bbRGBA(255,255,255,0)\u00bb width=\u00bb100%\u00bb custom_margin=\u00bb||||false|false\u00bb custom_padding=\u00bb||||false|false\u00bb locked=\u00bboff\u00bb global_colors_info=\u00bb{}\u00bb width__hover_enabled=\u00bboff|desktop\u00bb]<\/p>\n<p><strong>Catalonia Ceramic<\/strong> es una empresa dedicada a la venta y distribuci\u00f3n de materiales para la construcci\u00f3n. Es de propiedad familiar y su fundaci\u00f3n se remonta al a\u00f1o 1986, aunque es la sucesora de otra empresa distribuidora fundada en el a\u00f1o 1975. <\/p>\n<p>Catalonia Ceramic se cre\u00f3 con el objetivo de ofrecer un servicio integral en la distribuci\u00f3n y venta de materiales para la construcci\u00f3n, pavimentos, revestimientos y soluciones para ba\u00f1os y cocinas.<\/p>\n<p>Su primer almac\u00e9n se construy\u00f3 en Cerdanyola del Vall\u00e8s en 1988 y, m\u00e1s adelante, en el a\u00f1o 1993, se inaugur\u00f3 la sede central donde est\u00e1 actualmente. Con el tiempo, la empresa ha ido ampliando su presencia en el territorio, contando actualmente tambi\u00e9n con otras tiendas y almacenes de construcci\u00f3n en Barcelona, Cornell\u00e0, Sabadell y Premi\u00e0 de Dalt, consolid\u00e1ndose como un distribuidor de referencia en Catalu\u00f1a. A\u00f1os m\u00e1s tarde, se fund\u00f3 <strong>INNOVA by Catalonia Ceramic<\/strong>, el despacho exclusivo para profesionales ubicado en Barcelona.  <\/p>\n<p>Desde sus inicios, Catalonia Ceramic ha combinado calidad, proximidad y asesoramiento personalizado, manteniendo un fuerte v\u00ednculo con la tradici\u00f3n cer\u00e1mica de nuestro pa\u00eds y con las marcas propias Rosa Gres y Fixcer, referentes en el sector cer\u00e1mico y en el de adhesivos y cementos cola respectivamente.<\/p>\n<p>Catalonia Ceramic contin\u00faa creciendo de manera sostenible aportando, a profesionales y particulares, soluciones constructivas, un gran abanico de cer\u00e1micas y una amplia gama de productos especializados para cada proyecto.<\/p>\n<p>[\/et_pb_text][\/et_pb_column][et_pb_column type=\u00bb1_2&#8243; _builder_version=\u00bb4.27.4&#8243; _module_preset=\u00bbdefault\u00bb global_colors_info=\u00bb{}\u00bb][et_pb_image src=\u00bbhttps:\/\/www.cataloniaceramica.es\/wp-content\/uploads\/2026\/03\/freepik__photo-a-white-multistory-building-with-large-windo__19885-scaled.jpeg\u00bb title_text=\u00bbFachada_Catalonia Cerdanyola\u00bb _builder_version=\u00bb4.27.5&#8243; _module_preset=\u00bbdefault\u00bb hover_enabled=\u00bb0&#8243; global_colors_info=\u00bb{}\u00bb alt=\u00bbSede_Catalonia Cerdanyola\u00bb sticky_enabled=\u00bb0&#8243;][\/et_pb_image][\/et_pb_column][\/et_pb_row][\/et_pb_section][et_pb_section fb_built=\u00bb1&#8243; _builder_version=\u00bb4.27.4&#8243; _module_preset=\u00bbdefault\u00bb global_colors_info=\u00bb{}\u00bb][et_pb_row column_structure=\u00bb1_4,1_4,1_4,1_4&#8243; _builder_version=\u00bb4.27.4&#8243; _module_preset=\u00bbdefault\u00bb global_colors_info=\u00bb{}\u00bb][et_pb_column type=\u00bb1_4&#8243; _builder_version=\u00bb4.27.4&#8243; _module_preset=\u00bbdefault\u00bb global_colors_info=\u00bb{}\u00bb][et_pb_number_counter number=\u00bb40&#8243; percent_sign=\u00bboff\u00bb _builder_version=\u00bb4.27.4&#8243; _module_preset=\u00bbdefault\u00bb title_font_size=\u00bb19px\u00bb number_text_color=\u00bb#B31D29&#8243; number_font_size=\u00bb68px\u00bb custom_margin=\u00bb||0px||false|false\u00bb global_colors_info=\u00bb{}\u00bb][\/et_pb_number_counter][et_pb_text _builder_version=\u00bb4.27.4&#8243; _module_preset=\u00bbdefault\u00bb header_4_text_align=\u00bbcenter\u00bb header_4_font_size=\u00bb22px\u00bb custom_margin=\u00bb0px||||false|false\u00bb custom_padding=\u00bb0px||||false|false\u00bb global_colors_info=\u00bb{}\u00bb]<\/p>\n<h4>a\u00f1os construyendo juntos<\/h4>\n<p>[\/et_pb_text][\/et_pb_column][et_pb_column type=\u00bb1_4&#8243; _builder_version=\u00bb4.27.4&#8243; _module_preset=\u00bbdefault\u00bb global_colors_info=\u00bb{}\u00bb][et_pb_number_counter number=\u00bb+7.000&#8243; percent_sign=\u00bboff\u00bb _builder_version=\u00bb4.27.4&#8243; _module_preset=\u00bbdefault\u00bb title_font_size=\u00bb19px\u00bb number_text_color=\u00bb#B31D29&#8243; number_font_size=\u00bb68px\u00bb custom_margin=\u00bb||0px||false|false\u00bb global_colors_info=\u00bb{}\u00bb][\/et_pb_number_counter][et_pb_text _builder_version=\u00bb4.27.4&#8243; _module_preset=\u00bbdefault\u00bb header_4_text_align=\u00bbcenter\u00bb header_4_font_size=\u00bb22px\u00bb custom_margin=\u00bb0px||||false|false\u00bb custom_padding=\u00bb0px||||false|false\u00bb global_colors_info=\u00bb{}\u00bb]<\/p>\n<h4><span>m\u00b2<\/span> de Showrooms<\/h4>\n<p>[\/et_pb_text][\/et_pb_column][et_pb_column type=\u00bb1_4&#8243; _builder_version=\u00bb4.27.4&#8243; _module_preset=\u00bbdefault\u00bb global_colors_info=\u00bb{}\u00bb][et_pb_number_counter number=\u00bb+17.000&#8243; percent_sign=\u00bboff\u00bb _builder_version=\u00bb4.27.4&#8243; _module_preset=\u00bbdefault\u00bb title_font_size=\u00bb19px\u00bb number_text_color=\u00bb#B31D29&#8243; number_font_size=\u00bb68px\u00bb custom_margin=\u00bb||0px||false|false\u00bb global_colors_info=\u00bb{}\u00bb][\/et_pb_number_counter][et_pb_text _builder_version=\u00bb4.27.4&#8243; _module_preset=\u00bbdefault\u00bb header_4_text_align=\u00bbcenter\u00bb header_4_font_size=\u00bb22px\u00bb custom_margin=\u00bb0px||||false|false\u00bb custom_padding=\u00bb0px||||false|false\u00bb global_colors_info=\u00bb{}\u00bb]<\/p>\n<h4><span>m\u00b2<\/span> de almacenes<\/h4>\n<p>[\/et_pb_text][\/et_pb_column][et_pb_column type=\u00bb1_4&#8243; _builder_version=\u00bb4.27.4&#8243; _module_preset=\u00bbdefault\u00bb global_colors_info=\u00bb{}\u00bb][et_pb_number_counter number=\u00bb+40.000&#8243; percent_sign=\u00bboff\u00bb _builder_version=\u00bb4.27.4&#8243; _module_preset=\u00bbdefault\u00bb title_font_size=\u00bb19px\u00bb number_text_color=\u00bb#B31D29&#8243; number_font_size=\u00bb68px\u00bb custom_margin=\u00bb||0px||false|false\u00bb global_colors_info=\u00bb{}\u00bb][\/et_pb_number_counter][et_pb_text _builder_version=\u00bb4.27.4&#8243; _module_preset=\u00bbdefault\u00bb header_4_text_align=\u00bbcenter\u00bb header_4_font_size=\u00bb22px\u00bb custom_margin=\u00bb0px||||false|false\u00bb custom_padding=\u00bb0px||||false|false\u00bb global_colors_info=\u00bb{}\u00bb]<\/p>\n<h4>proyectos ejecutados<\/h4>\n<p>[\/et_pb_text][\/et_pb_column][\/et_pb_row][\/et_pb_section]<\/p>\n","protected":false},"excerpt":{"rendered":"<p>Catalonia Ceramic es una empresa dedicada a la venta y distribuci\u00f3n de materiales para la construcci\u00f3n. Es de propiedad familiar y su fundaci\u00f3n se remonta al a\u00f1o 1986, aunque es la sucesora de otra empresa distribuidora fundada en el a\u00f1o 1975. Catalonia Ceramic se cre\u00f3 con el objetivo de ofrecer un servicio integral en la distribuci\u00f3n y venta de materiales para la construcci\u00f3n, pavimentos, revestimientos y soluciones para ba\u00f1os y cocinas. Su primer almac\u00e9n se construy\u00f3 en Cerdanyola del Vall\u00e8s en 1988 y, m\u00e1s adelante, en el a\u00f1o 1993, se inaugur\u00f3 la sede central donde est\u00e1 actualmente. Con el tiempo, la empresa ha ido ampliando su presencia en el territorio, contando actualmente tambi\u00e9n con otras tiendas y almacenes de construcci\u00f3n en Barcelona, Cornell\u00e0, Sabadell y Premi\u00e0 de Dalt, consolid\u00e1ndose como un distribuidor de referencia en Catalu\u00f1a. A\u00f1os m\u00e1s tarde, se fund\u00f3 INNOVA by Catalonia Ceramic, el despacho exclusivo para profesionales ubicado en Barcelona. Desde sus inicios, Catalonia Ceramic ha combinado calidad, proximidad y asesoramiento personalizado, manteniendo un fuerte v\u00ednculo con la tradici\u00f3n cer\u00e1mica de nuestro pa\u00eds y con las marcas propias Rosa Gres y Fixcer, referentes en el sector cer\u00e1mico y en el de adhesivos y cementos cola respectivamente. Catalonia [&hellip;]<\/p>\n","protected":false},"author":1,"featured_media":0,"parent":0,"menu_order":0,"comment_status":"closed","ping_status":"closed","template":"","meta":{"_acf_changed":false,"_et_pb_use_builder":"on","_et_pb_old_content":"","_et_gb_content_width":"","footnotes":""},"class_list":["post-5770","page","type-page","status-publish","hentry"],"acf":[],"_links":{"self":[{"href":"https:\/\/www.cataloniaceramica.es\/es\/wp-json\/wp\/v2\/pages\/5770","targetHints":{"allow":["GET"]}}],"collection":[{"href":"https:\/\/www.cataloniaceramica.es\/es\/wp-json\/wp\/v2\/pages"}],"about":[{"href":"https:\/\/www.cataloniaceramica.es\/es\/wp-json\/wp\/v2\/types\/page"}],"author":[{"embeddable":true,"href":"https:\/\/www.cataloniaceramica.es\/es\/wp-json\/wp\/v2\/users\/1"}],"replies":[{"embeddable":true,"href":"https:\/\/www.cataloniaceramica.es\/es\/wp-json\/wp\/v2\/comments?post=5770"}],"version-history":[{"count":4,"href":"https:\/\/www.cataloniaceramica.es\/es\/wp-json\/wp\/v2\/pages\/5770\/revisions"}],"predecessor-version":[{"id":5776,"href":"https:\/\/www.cataloniaceramica.es\/es\/wp-json\/wp\/v2\/pages\/5770\/revisions\/5776"}],"wp:attachment":[{"href":"https:\/\/www.cataloniaceramica.es\/es\/wp-json\/wp\/v2\/media?parent=5770"}],"curies":[{"name":"wp","href":"https:\/\/api.w.org\/{rel}","templated":true}]}}