{"id":5745,"date":"2025-10-27T10:23:12","date_gmt":"2025-10-27T10:23:12","guid":{"rendered":"https:\/\/catalonia.srvcactus.com\/cocinas\/"},"modified":"2026-04-23T09:36:13","modified_gmt":"2026-04-23T09:36:13","slug":"cocinas","status":"publish","type":"page","link":"https:\/\/www.cataloniaceramica.es\/es\/cocinas\/","title":{"rendered":"Cocinas"},"content":{"rendered":"<p>[et_pb_section fb_built=\u00bb1&#8243; custom_padding_last_edited=\u00bbon|phone\u00bb _builder_version=\u00bb4.27.4&#8243; _module_preset=\u00bbdefault\u00bb background_color=\u00bb#FFFFFF\u00bb custom_padding=\u00bb3em||1em||false|false\u00bb custom_padding_tablet=\u00bb3em||1em||false|false\u00bb custom_padding_phone=\u00bb2em||1em||false|false\u00bb locked=\u00bboff\u00bb global_colors_info=\u00bb{}\u00bb][et_pb_row admin_label=\u00bbFila\u00bb module_class=\u00bbfila_sangre\u00bb _builder_version=\u00bb4.27.4&#8243; _module_preset=\u00bbdefault\u00bb custom_padding=\u00bb0px||0px||false|false\u00bb animation_style=\u00bbfade\u00bb global_colors_info=\u00bb{}\u00bb][et_pb_column type=\u00bb4_4&#8243; _builder_version=\u00bb4.27.4&#8243; _module_preset=\u00bbdefault\u00bb global_colors_info=\u00bb{}\u00bb][et_pb_text module_class=\u00bbtitle-separator-animation\u00bb _builder_version=\u00bb4.27.4&#8243; _module_preset=\u00bbdefault\u00bb text_text_color=\u00bb#B31C29&#8243; background_color=\u00bbRGBA(255,255,255,0)\u00bb width=\u00bb87.8%\u00bb custom_margin=\u00bb1px||15px||false|false\u00bb custom_padding=\u00bb0px|0px|0px|0px|false|false\u00bb global_colors_info=\u00bb{}\u00bb]<\/p>\n<p>Cocinas modernas y pr\u00e1cticas<\/p>\n<p>[\/et_pb_text][et_pb_text _builder_version=\u00bb4.27.4&#8243; _module_preset=\u00bbdefault\u00bb width_last_edited=\u00bboff|desktop\u00bb custom_margin=\u00bb|-51px|0px||false|false\u00bb custom_padding=\u00bb||0px||false|false\u00bb global_colors_info=\u00bb{}\u00bb]<\/p>\n<h1>COCINAS<\/h1>\n<p>[\/et_pb_text][et_pb_text module_class=\u00bbtitle-separator-animation\u00bb _builder_version=\u00bb4.27.5&#8243; _module_preset=\u00bbdefault\u00bb text_text_color=\u00bb#000000&#8243; text_line_height=\u00bb1.4em\u00bb background_color=\u00bbRGBA(255,255,255,0)\u00bb custom_margin=\u00bb5px||30px||false|false\u00bb custom_padding=\u00bb0px|0px|0px|0px|false|false\u00bb locked=\u00bboff\u00bb global_colors_info=\u00bb{}\u00bb]<\/p>\n<p><span style=\"font-weight: 400;\">Dise\u00f1o y calidad de primer nivel en mobiliario de cocina, electrodom\u00e9sticos y cualquier otro complemento.<\/span><\/p>\n<p>[\/et_pb_text][\/et_pb_column][\/et_pb_row][\/et_pb_section][et_pb_section fb_built=\u00bb1&#8243; admin_label=\u00bbSecci\u00f3n\u00bb _builder_version=\u00bb4.27.4&#8243; _module_preset=\u00bbdefault\u00bb custom_padding=\u00bb3em||86px||false|false\u00bb global_colors_info=\u00bb{}\u00bb][et_pb_row column_structure=\u00bb1_4,1_4,1_4,1_4&#8243; use_custom_gutter=\u00bbon\u00bb gutter_width=\u00bb2&#8243; make_equal=\u00bbon\u00bb _builder_version=\u00bb4.27.4&#8243; _module_preset=\u00bbdefault\u00bb custom_margin=\u00bb||0px||false|false\u00bb custom_padding=\u00bb||0px||false|false\u00bb global_colors_info=\u00bb{}\u00bb][et_pb_column type=\u00bb1_4&#8243; _builder_version=\u00bb4.27.4&#8243; _module_preset=\u00bbdefault\u00bb background_color=\u00bb#FFFFFF\u00bb global_colors_info=\u00bb{}\u00bb][et_pb_image src=\u00bbhttps:\/\/www.cataloniaceramica.es\/wp-content\/uploads\/2025\/12\/Cocina_4-01.jpg\u00bb alt=\u00bbMobiliario cocina\u00bb title_text=\u00bbCocina_4-01&#8243; _builder_version=\u00bb4.27.4&#8243; _module_preset=\u00bbdefault\u00bb global_colors_info=\u00bb{}\u00bb][\/et_pb_image][et_pb_text _builder_version=\u00bb4.27.4&#8243; _module_preset=\u00bbdefault\u00bb header_3_text_color=\u00bb#B31D29&#8243; header_3_line_height=\u00bb1.2em\u00bb custom_margin=\u00bb||0px||false|false\u00bb custom_padding=\u00bb|1em||1em|false|true\u00bb global_colors_info=\u00bb{}\u00bb]<\/p>\n<h3><strong>Mobiliario<\/strong><\/h3>\n<p>[\/et_pb_text][et_pb_text _builder_version=\u00bb4.27.4&#8243; _module_preset=\u00bbdefault\u00bb header_3_line_height=\u00bb1.2em\u00bb custom_margin=\u00bb||||false|false\u00bb custom_padding=\u00bb|1em|1em|1em|false|true\u00bb global_colors_info=\u00bb{}\u00bb]<\/p>\n<p data-ccp-timestamp=\"1761647532201\">Armarios, cajones, elementos contenedores y soluciones modulables para una organizaci\u00f3n funcional y est\u00e9tica. Permiten adaptarse a cualquier estilo y necesidad del proyecto. <\/p>\n<p>[\/et_pb_text][\/et_pb_column][et_pb_column type=\u00bb1_4&#8243; _builder_version=\u00bb4.27.4&#8243; _module_preset=\u00bbdefault\u00bb background_color=\u00bb#FFFFFF\u00bb global_colors_info=\u00bb{}\u00bb][et_pb_image src=\u00bbhttps:\/\/www.cataloniaceramica.es\/wp-content\/uploads\/2025\/12\/Cocina_3-01.jpg\u00bb alt=\u00bbGrifos\u00bb title_text=\u00bbCocina_3-01&#8243; _builder_version=\u00bb4.27.4&#8243; _module_preset=\u00bbdefault\u00bb global_colors_info=\u00bb{}\u00bb][\/et_pb_image][et_pb_text _builder_version=\u00bb4.27.4&#8243; _module_preset=\u00bbdefault\u00bb header_3_text_color=\u00bb#B31D29&#8243; header_3_line_height=\u00bb1.2em\u00bb custom_margin=\u00bb||0px||false|false\u00bb custom_padding=\u00bb|1em||1em|false|true\u00bb global_colors_info=\u00bb{}\u00bb]<\/p>\n<h3><strong>Grifer\u00eda<\/strong><\/h3>\n<p>[\/et_pb_text][et_pb_text _builder_version=\u00bb4.27.4&#8243; _module_preset=\u00bbdefault\u00bb header_3_line_height=\u00bb1.2em\u00bb custom_margin=\u00bb||||false|false\u00bb custom_padding=\u00bb|1em|1em|1em|false|true\u00bb global_colors_info=\u00bb{}\u00bb]<\/p>\n<p>Grifer\u00eda de todas las tipolog\u00edas y estilos, con ahorro de agua, disponibles en diversos acabados y colores. Funcionales, duraderas y adaptables a cualquier cocina. <\/p>\n<p>[\/et_pb_text][\/et_pb_column][et_pb_column type=\u00bb1_4&#8243; _builder_version=\u00bb4.27.4&#8243; _module_preset=\u00bbdefault\u00bb background_color=\u00bb#FFFFFF\u00bb global_colors_info=\u00bb{}\u00bb][et_pb_image src=\u00bbhttps:\/\/www.cataloniaceramica.es\/wp-content\/uploads\/2025\/12\/iStock-1370267372-scaled.jpg\u00bb alt=\u00bbDesag\u00fce\u00bb title_text=\u00bbVista superior del interior de un conjunto de cocina luminosa con fregadero, cocina y utensilios\u00bb _builder_version=\u00bb4.27.4&#8243; _module_preset=\u00bbdefault\u00bb global_colors_info=\u00bb{}\u00bb][\/et_pb_image][et_pb_text _builder_version=\u00bb4.27.4&#8243; _module_preset=\u00bbdefault\u00bb header_3_text_color=\u00bb#B31D29&#8243; header_3_line_height=\u00bb1.2em\u00bb custom_margin=\u00bb||0px||false|false\u00bb custom_padding=\u00bb|1em||1em|false|true\u00bb global_colors_info=\u00bb{}\u00bb]<\/p>\n<h3><strong>Fregaderos<\/strong><\/h3>\n<p>[\/et_pb_text][et_pb_text _builder_version=\u00bb4.27.4&#8243; _module_preset=\u00bbdefault\u00bb header_3_line_height=\u00bb1.2em\u00bb custom_margin=\u00bb||||false|false\u00bb custom_padding=\u00bb|1em|1em|1em|false|true\u00bb global_colors_info=\u00bb{}\u00bb]<\/p>\n<p>Fregaderos de diversos materiales, como acero inoxidable, composite o cer\u00e1mica, disponibles en diferentes tama\u00f1os y colores. En formatos individuales o dobles, integrables en todo tipo de encimeras de cocina, con practicidad y resistencia para el uso diario. <\/p>\n<p>[\/et_pb_text][\/et_pb_column][et_pb_column type=\u00bb1_4&#8243; _builder_version=\u00bb4.27.4&#8243; _module_preset=\u00bbdefault\u00bb background_color=\u00bb#FFFFFF\u00bb global_colors_info=\u00bb{}\u00bb][et_pb_image src=\u00bbhttps:\/\/www.cataloniaceramica.es\/wp-content\/uploads\/2025\/12\/Cocina_2-01.jpg\u00bb alt=\u00bbElectrodom\u00e9sticos<br \/>\n\u00bb title_text=\u00bbCocina_2-01&#8243; _builder_version=\u00bb4.27.4&#8243; _module_preset=\u00bbdefault\u00bb global_colors_info=\u00bb{}\u00bb][\/et_pb_image][et_pb_text _builder_version=\u00bb4.27.4&#8243; _module_preset=\u00bbdefault\u00bb header_3_text_color=\u00bb#B31D29&#8243; header_3_line_height=\u00bb1.2em\u00bb custom_margin=\u00bb||0px||false|false\u00bb custom_padding=\u00bb|1em||1em|false|true\u00bb global_colors_info=\u00bb{}\u00bb]<\/p>\n<h3><strong>Electrodom\u00e9sticos<\/strong><\/h3>\n<p>[\/et_pb_text][et_pb_text _builder_version=\u00bb4.27.4&#8243; _module_preset=\u00bbdefault\u00bb header_3_line_height=\u00bb1.2em\u00bb custom_margin=\u00bb||||false|false\u00bb custom_padding=\u00bb|1em|1em|1em|false|true\u00bb global_colors_info=\u00bb{}\u00bb]<\/p>\n<p>Hornos, placas, microondas, frigor\u00edficos, campanas y otros aparatos esenciales para la cocina moderna. Combinaci\u00f3n de funcionalidad, eficiencia y dise\u00f1o. <\/p>\n<p>[\/et_pb_text][\/et_pb_column][\/et_pb_row][et_pb_row column_structure=\u00bb1_4,1_4,1_4,1_4&#8243; use_custom_gutter=\u00bbon\u00bb gutter_width=\u00bb2&#8243; make_equal=\u00bbon\u00bb _builder_version=\u00bb4.27.4&#8243; _module_preset=\u00bbdefault\u00bb custom_margin=\u00bb||0px||false|false\u00bb custom_padding=\u00bb||0px||false|false\u00bb global_colors_info=\u00bb{}\u00bb][et_pb_column type=\u00bb1_4&#8243; _builder_version=\u00bb4.27.4&#8243; _module_preset=\u00bbdefault\u00bb background_color=\u00bb#FFFFFF\u00bb global_colors_info=\u00bb{}\u00bb][et_pb_image src=\u00bbhttps:\/\/www.cataloniaceramica.es\/wp-content\/uploads\/2025\/12\/Cocina_5-01.jpg\u00bb alt=\u00bbEncimera\u00bb title_text=\u00bbCocina_5-01&#8243; _builder_version=\u00bb4.27.4&#8243; _module_preset=\u00bbdefault\u00bb global_colors_info=\u00bb{}\u00bb][\/et_pb_image][et_pb_text _builder_version=\u00bb4.27.4&#8243; _module_preset=\u00bbdefault\u00bb header_3_text_color=\u00bb#B31D29&#8243; header_3_line_height=\u00bb1.2em\u00bb custom_margin=\u00bb||0px||false|false\u00bb custom_padding=\u00bb|1em||1em|false|true\u00bb global_colors_info=\u00bb{}\u00bb]<\/p>\n<h3><strong>Encimeras de cocina<\/strong><\/h3>\n<p>[\/et_pb_text][et_pb_text _builder_version=\u00bb4.27.4&#8243; _module_preset=\u00bbdefault\u00bb header_3_line_height=\u00bb1.2em\u00bb custom_margin=\u00bb||||false|false\u00bb custom_padding=\u00bb|1em|1em|1em|false|true\u00bb global_colors_info=\u00bb{}\u00bb]<\/p>\n<p data-ccp-timestamp=\"1761647532201\">Especialistas en todo tipo de encimeras, destacando las de piedra sinterizada de VENUX, resistentes, funcionales y con acabados elegantes, que aportan personalidad y calidad a los espacios de cocina.<\/p>\n<p>[\/et_pb_text][\/et_pb_column][et_pb_column type=\u00bb1_4&#8243; _builder_version=\u00bb4.27.4&#8243; _module_preset=\u00bbdefault\u00bb background_color=\u00bb#FFFFFF\u00bb global_colors_info=\u00bb{}\u00bb][et_pb_image src=\u00bbhttps:\/\/www.cataloniaceramica.es\/wp-content\/uploads\/2025\/12\/Cocina_1-01.jpg\u00bb alt=\u00bbAccesorios cocina\u00bb title_text=\u00bbCocina_1-01&#8243; _builder_version=\u00bb4.27.4&#8243; _module_preset=\u00bbdefault\u00bb global_colors_info=\u00bb{}\u00bb][\/et_pb_image][et_pb_text _builder_version=\u00bb4.27.4&#8243; _module_preset=\u00bbdefault\u00bb header_3_text_color=\u00bb#B31D29&#8243; header_3_line_height=\u00bb1.2em\u00bb custom_margin=\u00bb||0px||false|false\u00bb custom_padding=\u00bb|1em||1em|false|true\u00bb global_colors_info=\u00bb{}\u00bb]<\/p>\n<h3><strong>Accesorios y organizaci\u00f3n<\/strong><\/h3>\n<p>[\/et_pb_text][et_pb_text _builder_version=\u00bb4.27.4&#8243; _module_preset=\u00bbdefault\u00bb header_3_line_height=\u00bb1.2em\u00bb custom_margin=\u00bb||||false|false\u00bb custom_padding=\u00bb|1em|1em|1em|false|true\u00bb global_colors_info=\u00bb{}\u00bb]<\/p>\n<p>Soluciones para optimizar el espacio y el uso de los armarios, como organizadores, ra\u00edles y otros elementos pr\u00e1cticos dentro de los m\u00f3dulos, mejorando la funcionalidad y la ergonom\u00eda de la cocina. <\/p>\n<p>[\/et_pb_text][\/et_pb_column][et_pb_column type=\u00bb1_4&#8243; _builder_version=\u00bb4.27.4&#8243; _module_preset=\u00bbdefault\u00bb background_color=\u00bb#FFFFFF\u00bb global_colors_info=\u00bb{}\u00bb][et_pb_image src=\u00bbhttps:\/\/www.cataloniaceramica.es\/wp-content\/uploads\/2025\/12\/iStock-1373443170-scaled.jpg\u00bb alt=\u00bbIluminaci\u00f3n cocina\u00bb title_text=\u00bbPrimer plano del interior de una cocina oscura con armario\u00bb _builder_version=\u00bb4.27.4&#8243; _module_preset=\u00bbdefault\u00bb global_colors_info=\u00bb{}\u00bb][\/et_pb_image][et_pb_text _builder_version=\u00bb4.27.4&#8243; _module_preset=\u00bbdefault\u00bb header_3_text_color=\u00bb#B31D29&#8243; header_3_line_height=\u00bb1.2em\u00bb custom_margin=\u00bb||0px||false|false\u00bb custom_padding=\u00bb|1em||1em|false|true\u00bb global_colors_info=\u00bb{}\u00bb]<\/p>\n<h3><strong>Iluminaci\u00f3n<\/strong><\/h3>\n<p>[\/et_pb_text][et_pb_text _builder_version=\u00bb4.27.4&#8243; _module_preset=\u00bbdefault\u00bb header_3_line_height=\u00bb1.2em\u00bb custom_margin=\u00bb||||false|false\u00bb custom_padding=\u00bb|1em|1em|1em|false|true\u00bb global_colors_info=\u00bb{}\u00bb]<\/p>\n<p>Luces de trabajo, iluminaci\u00f3n interior de m\u00f3dulos y luces de ambiente, pensadas para mejorar la visibilidad, el uso diario y la atm\u00f3sfera de los espacios de cocina. <\/p>\n<p>[\/et_pb_text][\/et_pb_column][et_pb_column type=\u00bb1_4&#8243; _builder_version=\u00bb4.27.4&#8243; _module_preset=\u00bbdefault\u00bb background_color=\u00bb#FFFFFF\u00bb global_colors_info=\u00bb{}\u00bb][et_pb_image src=\u00bbhttps:\/\/www.cataloniaceramica.es\/wp-content\/uploads\/2025\/12\/Cocina_6-01.jpg\u00bb alt=\u00bbAsesoramiento t\u00e9cnico cocina\u00bb title_text=\u00bbCocina_6-01&#8243; _builder_version=\u00bb4.27.4&#8243; _module_preset=\u00bbdefault\u00bb global_colors_info=\u00bb{}\u00bb][\/et_pb_image][et_pb_text _builder_version=\u00bb4.27.4&#8243; _module_preset=\u00bbdefault\u00bb header_3_text_color=\u00bb#B31D29&#8243; header_3_line_height=\u00bb1.2em\u00bb custom_margin=\u00bb||0px||false|false\u00bb custom_padding=\u00bb|1em||1em|false|true\u00bb global_colors_info=\u00bb{}\u00bb]<\/p>\n<h3><strong>Asesoramiento t\u00e9cnico<\/strong><\/h3>\n<p>[\/et_pb_text][et_pb_text _builder_version=\u00bb4.27.4&#8243; _module_preset=\u00bbdefault\u00bb header_3_line_height=\u00bb1.2em\u00bb custom_margin=\u00bb||||false|false\u00bb custom_padding=\u00bb|1em|1em|1em|false|true\u00bb global_colors_info=\u00bb{}\u00bb]<\/p>\n<p>Dise\u00f1amos proyectos de cocinas a medida y personalizadas al detalle. Servicio de dise\u00f1o y adaptaci\u00f3n seg\u00fan las necesidades del espacio, con asesoramiento t\u00e9cnico y estil\u00edstico, para crear cocinas \u00fanicas, funcionales y est\u00e9ticamente atractivas.  <\/p>\n<p>[\/et_pb_text][\/et_pb_column][\/et_pb_row][\/et_pb_section][et_pb_section fb_built=\u00bb1&#8243; custom_padding_last_edited=\u00bbon|phone\u00bb _builder_version=\u00bb4.27.4&#8243; _module_preset=\u00bbdefault\u00bb background_color=\u00bb#FFFFFF\u00bb custom_padding=\u00bb3em||1em||false|false\u00bb custom_padding_tablet=\u00bb3em||1em||false|false\u00bb custom_padding_phone=\u00bb2em||1em||false|false\u00bb locked=\u00bboff\u00bb global_colors_info=\u00bb{}\u00bb][et_pb_row admin_label=\u00bbFila\u00bb module_class=\u00bbfila_sangre\u00bb _builder_version=\u00bb4.27.4&#8243; _module_preset=\u00bbdefault\u00bb custom_padding=\u00bb0px||0px||false|false\u00bb animation_style=\u00bbfade\u00bb global_colors_info=\u00bb{}\u00bb][et_pb_column type=\u00bb4_4&#8243; _builder_version=\u00bb4.27.4&#8243; _module_preset=\u00bbdefault\u00bb global_colors_info=\u00bb{}\u00bb][et_pb_text module_class=\u00bbtitle-separator-animation\u00bb _builder_version=\u00bb4.27.4&#8243; _module_preset=\u00bbdefault\u00bb text_text_color=\u00bb#B31C29&#8243; background_color=\u00bbRGBA(255,255,255,0)\u00bb width=\u00bb87.8%\u00bb custom_margin=\u00bb1px||15px||false|false\u00bb custom_padding=\u00bb0px|0px|0px|0px|false|false\u00bb global_colors_info=\u00bb{}\u00bb]<\/p>\n<p>Dise\u00f1o y funcionalidad en un mismo espacio<\/p>\n<p>[\/et_pb_text][et_pb_text module_class=\u00bbtitle-separator-animation\u00bb _builder_version=\u00bb4.27.4&#8243; _module_preset=\u00bbdefault\u00bb text_text_color=\u00bb#000000&#8243; text_line_height=\u00bb1.4em\u00bb background_color=\u00bbRGBA(255,255,255,0)\u00bb custom_margin=\u00bb5px||30px||false|false\u00bb custom_padding=\u00bb0px|0px|0px|0px|false|false\u00bb locked=\u00bboff\u00bb global_colors_info=\u00bb{}\u00bb]<\/p>\n<div class=\"ewa-rteLine\">Mobiliario de cocina de la mano de grandes marcas de prestigio, nacionales y alemanas, que garantizan calidad, durabilidad y estilo. Diversidad de electrodom\u00e9sticos esenciales para la cocina moderna, as\u00ed como grifer\u00eda, fregaderos y accesorios seleccionados para facilitar un uso c\u00f3modo y duradero. <\/div>\n<div class=\"ewa-rteLine\"> <\/div>\n<div class=\"ewa-rteLine\">Las encimeras de piedra sinterizada VENUX, un elemento clave, aportan resistencia, funcionalidad y un acabado elegante.<\/div>\n<p>[\/et_pb_text][\/et_pb_column][\/et_pb_row][\/et_pb_section][et_pb_section fb_built=\u00bb1&#8243; admin_label=\u00bbSecci\u00f3n\u00bb _builder_version=\u00bb4.27.4&#8243; _module_preset=\u00bbdefault\u00bb custom_padding=\u00bb3em||86px||false|false\u00bb locked=\u00bboff\u00bb global_colors_info=\u00bb{}\u00bb][et_pb_row column_structure=\u00bb1_2,1_2&#8243; use_custom_gutter=\u00bbon\u00bb gutter_width=\u00bb2&#8243; make_equal=\u00bbon\u00bb _builder_version=\u00bb4.27.4&#8243; _module_preset=\u00bbdefault\u00bb custom_margin=\u00bb||0px||false|false\u00bb custom_padding=\u00bb||0px||false|false\u00bb global_colors_info=\u00bb{}\u00bb][et_pb_column type=\u00bb1_2&#8243; _builder_version=\u00bb4.27.4&#8243; _module_preset=\u00bbdefault\u00bb background_color=\u00bb#FFFFFF\u00bb global_colors_info=\u00bb{}\u00bb][et_pb_image src=\u00bbhttps:\/\/www.cataloniaceramica.es\/wp-content\/uploads\/2025\/12\/Cuines_showrooms-01.jpg\u00bb alt=\u00bbcocina showroom<br \/>\n\u00bb title_text=\u00bbCocinas_showrooms-01&#8243; url_new_window=\u00bbon\u00bb _builder_version=\u00bb4.27.6&#8243; _module_preset=\u00bbdefault\u00bb hover_enabled=\u00bb0&#8243; global_colors_info=\u00bb{}\u00bb sticky_enabled=\u00bb0&#8243;][\/et_pb_image][et_pb_text _builder_version=\u00bb4.27.4&#8243; _module_preset=\u00bbdefault\u00bb header_font_size=\u00bb61px\u00bb header_3_text_color=\u00bb#B31D29&#8243; header_3_font_size=\u00bb23px\u00bb header_3_line_height=\u00bb1.2em\u00bb custom_margin=\u00bb||0px||false|false\u00bb custom_padding=\u00bb|1em||1em|false|true\u00bb global_colors_info=\u00bb{}\u00bb]<\/p>\n<h3><strong>Cocinas para particulares<\/strong><\/h3>\n<p>[\/et_pb_text][et_pb_text _builder_version=\u00bb4.27.4&#8243; _module_preset=\u00bbdefault\u00bb header_3_line_height=\u00bb1.2em\u00bb custom_margin=\u00bb||||false|false\u00bb custom_padding=\u00bb|1em|1em|1em|false|true\u00bb global_colors_info=\u00bb{}\u00bb]<\/p>\n<p data-ccp-timestamp=\"1761648300888\">Cocinas pensadas para hogares particulares, con dise\u00f1os modernos, pr\u00e1cticos y materiales seleccionados con esmero. Los acabados elegantes y la variedad de marcas permiten crear espacios adaptados a cada estilo y necesidad. Los proyectos incluyen asesoramiento personalizado y servicio a medida, con la posibilidad de ver y elegir los productos directamente en nuestras tiendas.  <\/p>\n<p>[\/et_pb_text][\/et_pb_column][et_pb_column type=\u00bb1_2&#8243; _builder_version=\u00bb4.27.4&#8243; _module_preset=\u00bbdefault\u00bb background_color=\u00bb#FFFFFF\u00bb global_colors_info=\u00bb{}\u00bb][et_pb_image src=\u00bbhttps:\/\/www.cataloniaceramica.es\/wp-content\/uploads\/2025\/12\/Cuines_obres-01.jpg\u00bb alt=\u00bbCocina obras\u00bb title_text=\u00bbCocinas_obras-01&#8243; url_new_window=\u00bbon\u00bb _builder_version=\u00bb4.27.6&#8243; _module_preset=\u00bbdefault\u00bb hover_enabled=\u00bb0&#8243; global_colors_info=\u00bb{}\u00bb sticky_enabled=\u00bb0&#8243;][\/et_pb_image][et_pb_text _builder_version=\u00bb4.27.4&#8243; _module_preset=\u00bbdefault\u00bb header_3_text_color=\u00bb#B31D29&#8243; header_3_font_size=\u00bb23px\u00bb header_3_line_height=\u00bb1.2em\u00bb custom_margin=\u00bb||0px||false|false\u00bb custom_padding=\u00bb|1em||1em|false|true\u00bb global_colors_info=\u00bb{}\u00bb]<\/p>\n<h3><strong>Cocinas para obras y promociones inmobiliarias<\/strong><\/h3>\n<p>[\/et_pb_text][et_pb_text _builder_version=\u00bb4.27.4&#8243; _module_preset=\u00bbdefault\u00bb header_3_line_height=\u00bb1.2em\u00bb custom_margin=\u00bb||||false|false\u00bb custom_padding=\u00bb|1em|1em|1em|false|true\u00bb global_colors_info=\u00bb{}\u00bb]<\/p>\n<div class=\"ewa-rteLine\">Cocinas adaptadas a proyectos de grandes obras y promociones, con marcas, acabados y soluciones espec\u00edficas. La gesti\u00f3n se realiza a trav\u00e9s de nuestro equipo t\u00e9cnico-comercial, especializado en obra, con soporte t\u00e9cnico y coordinaci\u00f3n log\u00edstica, asegurando instalaciones eficientes y proyectos completamente integrados. <\/div>\n<p>[\/et_pb_text][\/et_pb_column][\/et_pb_row][\/et_pb_section][et_pb_section fb_built=\u00bb1&#8243; _builder_version=\u00bb4.27.5&#8243; _module_preset=\u00bbdefault\u00bb background_color=\u00bb#FFFFFF\u00bb max_height=\u00bb180px\u00bb custom_padding=\u00bb0em||0em||false|false\u00bb border_width_top=\u00bb1px\u00bb locked=\u00bboff\u00bb global_colors_info=\u00bb{}\u00bb][et_pb_row make_equal=\u00bbon\u00bb _builder_version=\u00bb4.27.5&#8243; _module_preset=\u00bbdefault\u00bb width=\u00bb100%\u00bb max_width=\u00bb100%\u00bb custom_margin=\u00bb||||false|false\u00bb custom_padding=\u00bb0em||0px||false|false\u00bb global_colors_info=\u00bb{}\u00bb][et_pb_column type=\u00bb4_4&#8243; _builder_version=\u00bb4.27.4&#8243; _module_preset=\u00bbdefault\u00bb custom_padding=\u00bb||||true|false\u00bb global_colors_info=\u00bb{}\u00bb][dsm_image_carousel gallery_ids=\u00bb4661,4662,4663,4664,4665,4666,4667,4668,4669,4670,4671,4672,4673,4674,4675,4676,4677,4678&#8243; lazyload=\u00bbon\u00bb centered_slides=\u00bbon\u00bb slide_to_show=\u00bb8&#8243; speed=\u00bb5000&#8243; space_between=\u00bb20&#8243; infinite_smooth_scrolling=\u00bbon\u00bb grab=\u00bboff\u00bb slide_to_show_tablet=\u00bb8&#8243; slide_to_show_phone=\u00bb3&#8243; slide_to_show_last_edited=\u00bbon|phone\u00bb _builder_version=\u00bb4.27.5&#8243; _module_preset=\u00bbdefault\u00bb custom_margin=\u00bb0px||0px||false|false\u00bb custom_padding=\u00bb0px||0px||true|false\u00bb child_filter_opacity=\u00bb70%\u00bb global_colors_info=\u00bb{}\u00bb][\/dsm_image_carousel][\/et_pb_column][\/et_pb_row][\/et_pb_section]<\/p>\n","protected":false},"excerpt":{"rendered":"<p>Cocinas modernas y pr\u00e1cticasCOCINASDise\u00f1o y calidad de primer nivel en mobiliario de cocina, electrodom\u00e9sticos y cualquier otro complemento.MobiliarioArmarios, cajones, elementos contenedores y soluciones modulables para una organizaci\u00f3n funcional y est\u00e9tica. Permiten adaptarse a cualquier estilo y necesidad del proyecto. Grifer\u00edaGrifer\u00eda de todas las tipolog\u00edas y estilos, con ahorro de agua, disponibles en diversos acabados y colores. Funcionales, duraderas y adaptables a cualquier cocina. FregaderosFregaderos de diversos materiales, como acero inoxidable, composite o cer\u00e1mica, disponibles en diferentes tama\u00f1os y colores. En formatos individuales o dobles, integrables en todo tipo de encimeras de cocina, con practicidad y resistencia para el uso diario. Electrodom\u00e9sticosHornos, placas, microondas, frigor\u00edficos, campanas y otros aparatos esenciales para la cocina moderna. Combinaci\u00f3n de funcionalidad, eficiencia y dise\u00f1o. Encimeras de cocinaEspecialistas en todo tipo de encimeras, destacando las de piedra sinterizada de VENUX, resistentes, funcionales y con acabados elegantes, que aportan personalidad y calidad a los espacios de cocina.Accesorios y organizaci\u00f3nSoluciones para optimizar el espacio y el uso de los armarios, como organizadores, ra\u00edles y otros elementos pr\u00e1cticos dentro de los m\u00f3dulos, mejorando la funcionalidad y la ergonom\u00eda de la cocina. Iluminaci\u00f3nLuces de trabajo, iluminaci\u00f3n interior de m\u00f3dulos y luces de ambiente, pensadas para mejorar la visibilidad, el uso [&hellip;]<\/p>\n","protected":false},"author":1,"featured_media":0,"parent":0,"menu_order":0,"comment_status":"closed","ping_status":"closed","template":"","meta":{"_acf_changed":false,"_et_pb_use_builder":"on","_et_pb_old_content":"","_et_gb_content_width":"","footnotes":""},"class_list":["post-5745","page","type-page","status-publish","hentry"],"acf":[],"_links":{"self":[{"href":"https:\/\/www.cataloniaceramica.es\/es\/wp-json\/wp\/v2\/pages\/5745","targetHints":{"allow":["GET"]}}],"collection":[{"href":"https:\/\/www.cataloniaceramica.es\/es\/wp-json\/wp\/v2\/pages"}],"about":[{"href":"https:\/\/www.cataloniaceramica.es\/es\/wp-json\/wp\/v2\/types\/page"}],"author":[{"embeddable":true,"href":"https:\/\/www.cataloniaceramica.es\/es\/wp-json\/wp\/v2\/users\/1"}],"replies":[{"embeddable":true,"href":"https:\/\/www.cataloniaceramica.es\/es\/wp-json\/wp\/v2\/comments?post=5745"}],"version-history":[{"count":2,"href":"https:\/\/www.cataloniaceramica.es\/es\/wp-json\/wp\/v2\/pages\/5745\/revisions"}],"predecessor-version":[{"id":8000,"href":"https:\/\/www.cataloniaceramica.es\/es\/wp-json\/wp\/v2\/pages\/5745\/revisions\/8000"}],"wp:attachment":[{"href":"https:\/\/www.cataloniaceramica.es\/es\/wp-json\/wp\/v2\/media?parent=5745"}],"curies":[{"name":"wp","href":"https:\/\/api.w.org\/{rel}","templated":true}]}}